{"id":4757,"date":"2026-03-16T12:28:58","date_gmt":"2026-03-16T12:28:58","guid":{"rendered":"https:\/\/dahome.be\/contact\/"},"modified":"2026-03-16T14:02:36","modified_gmt":"2026-03-16T14:02:36","slug":"contact","status":"publish","type":"page","link":"https:\/\/dahome.be\/de\/contact\/","title":{"rendered":"Contact"},"content":{"rendered":"","protected":false},"excerpt":{"rendered":"","protected":false},"author":1,"featured_media":0,"parent":0,"menu_order":0,"comment_status":"closed","ping_status":"closed","template":"","meta":{"_acf_changed":false,"inline_featured_image":false,"footnotes":""},"class_list":["post-4757","page","type-page","status-publish","hentry"],"acf":{"header":{"":null,"image":4753,"title":"Contact","text":"","search":false,"settings":{"visible":true,"anchor_name":""}},"sections":[{"acf_fc_layout":"wysiwyg","framed":false,"wysiwyg":"<h1>Alle unsere JobCenter sind <span style=\"color: #db2032;\">von Montag bis Freitag von 8:30 bis 12:30 Uhr und von 13:30 bis 17:30 Uhr <\/span>telefonisch erreichbar.<\/h1>\r\n&nbsp;\r\n\r\nM\u00f6chten Sie uns lieber pers\u00f6nlich treffen?\r\n\r\n&nbsp;\r\n\r\nBitte \u00fcberpr\u00fcfen Sie die \u00d6ffnungszeiten des n\u00e4chstgelegenen JobCenters unten.","fullwidth":false,"settings":{"visible":true,"anchor_name":"","spacing_top":"medium","spacing_bottom":"medium"}},{"acf_fc_layout":"map","title":"Finden Sie das n\u00e4chstgelegene JobCenter!","small_modal_button":"Weitere Informationen","input_placeholder_text":"Postleitzahl\/Ort","schedule_title":"\u00d6ffnungszeiten","schedule_subtitle":"","schedule_keywords":{"am_title":"Morgen","pm_title":"Nachmittag","from":"von","to":"zu","appointment":"nur nach Vereinbarung erh\u00e4ltlich"},"contact_form_title":"","default_map":null,"form":"14","settings":{"visible":true,"anchor_name":"","spacing_top":"medium","spacing_bottom":"medium"}},{"acf_fc_layout":"contact","items":[{"title":"Allgemeine Informationen","text":"","infos":[{"icon_type":"light","icon":"phone","text":"Contact Center: <a href=\"tel:025489468\">02\/548 94 68<\/a>"},{"icon_type":"light","icon":"envelope","text":"<a href=\"mailto:info@dahome.be\">info@dahome.be<\/a>"},{"icon_type":"light","icon":"location-pin","text":"<a href=\"https:\/\/www.google.com\/maps\/search\/Galerie+de+la+Porte+Louise+203%2F5,+1050+Bruxelles\/@50.8368728,4.3693981,14z?entry=ttu&amp;g_ep=EgoyMDI1MTExNi4wIKXMDSoASAFQAw%3D%3D\">Galerie de la Porte Louise 203\/5,\u00a01050 Bruxelles<\/a>"}]},{"title":"Lohnabrechnungsservice","text":"F\u00fcr alle Fragen rund um Ihre Verg\u00fctung als Zeitarbeiter bei DaHome.","infos":[{"icon_type":"light","icon":"envelope","text":"<a href=\"mailto:mo@dahome.be\">mo@dahome.be<\/a>"}]},{"title":"Kundenservice","text":"F\u00fcr alle Fragen zu den Vertr\u00e4gen Ihrer Zeitarbeiter und zur Rechnungsstellung.","infos":[{"icon_type":"light","icon":"envelope","text":"<a href=\"mailto:mocustomer@dahome.be\">mocustomer@dahome.be<\/a>"}]}],"settings":{"visible":true,"anchor_name":"","spacing_top":"medium","spacing_bottom":"medium"}}],"cta":{"":null,"background_image":null,"title":"","items":null,"settings":{"visible":true,"anchor_name":"","heading_tag":"h2"}},"settings":{"has_offset":false}},"yoast_head":"<!-- This site is optimized with the Yoast SEO plugin v26.7 - https:\/\/yoast.com\/wordpress\/plugins\/seo\/ -->\n<title>Contact - DaHome<\/title>\n<meta name=\"robots\" content=\"index, follow, max-snippet:-1, max-image-preview:large, max-video-preview:-1\" \/>\n<link rel=\"canonical\" href=\"https:\/\/dahome.be\/de\/contact\/\" \/>\n<meta property=\"og:locale\" content=\"de_DE\" \/>\n<meta property=\"og:type\" content=\"article\" \/>\n<meta property=\"og:title\" content=\"Contact - DaHome\" \/>\n<meta property=\"og:url\" content=\"https:\/\/dahome.be\/de\/contact\/\" \/>\n<meta property=\"og:site_name\" content=\"DaHome\" \/>\n<meta property=\"article:modified_time\" content=\"2026-03-16T14:02:36+00:00\" \/>\n<meta name=\"twitter:card\" content=\"summary_large_image\" \/>\n<meta name=\"twitter:label1\" content=\"Est. reading time\" \/>\n\t<meta name=\"twitter:data1\" content=\"1 minute\" \/>\n<script type=\"application\/ld+json\" class=\"yoast-schema-graph\">{\"@context\":\"https:\/\/schema.org\",\"@graph\":[{\"@type\":\"WebPage\",\"@id\":\"https:\/\/dahome.be\/de\/contact\/\",\"url\":\"https:\/\/dahome.be\/de\/contact\/\",\"name\":\"Contact - DaHome\",\"isPartOf\":{\"@id\":\"https:\/\/dahome.lademo.be\/#website\"},\"datePublished\":\"2026-03-16T12:28:58+00:00\",\"dateModified\":\"2026-03-16T14:02:36+00:00\",\"breadcrumb\":{\"@id\":\"https:\/\/dahome.be\/de\/contact\/#breadcrumb\"},\"inLanguage\":\"de-DE\",\"potentialAction\":[{\"@type\":\"ReadAction\",\"target\":[\"https:\/\/dahome.be\/de\/contact\/\"]}]},{\"@type\":\"BreadcrumbList\",\"@id\":\"https:\/\/dahome.be\/de\/contact\/#breadcrumb\",\"itemListElement\":[{\"@type\":\"ListItem\",\"position\":1,\"name\":\"Home\",\"item\":\"https:\/\/dahome.be\/de\/\"},{\"@type\":\"ListItem\",\"position\":2,\"name\":\"Contact\"}]},{\"@type\":\"WebSite\",\"@id\":\"https:\/\/dahome.lademo.be\/#website\",\"url\":\"https:\/\/dahome.lademo.be\/\",\"name\":\"DaHome\",\"description\":\"\",\"potentialAction\":[{\"@type\":\"SearchAction\",\"target\":{\"@type\":\"EntryPoint\",\"urlTemplate\":\"https:\/\/dahome.lademo.be\/?s={search_term_string}\"},\"query-input\":{\"@type\":\"PropertyValueSpecification\",\"valueRequired\":true,\"valueName\":\"search_term_string\"}}],\"inLanguage\":\"de-DE\"}]}<\/script>\n<!-- \/ Yoast SEO plugin. -->","yoast_head_json":{"title":"Contact - DaHome","robots":{"index":"index","follow":"follow","max-snippet":"max-snippet:-1","max-image-preview":"max-image-preview:large","max-video-preview":"max-video-preview:-1"},"canonical":"https:\/\/dahome.be\/de\/contact\/","og_locale":"de_DE","og_type":"article","og_title":"Contact - DaHome","og_url":"https:\/\/dahome.be\/de\/contact\/","og_site_name":"DaHome","article_modified_time":"2026-03-16T14:02:36+00:00","twitter_card":"summary_large_image","twitter_misc":{"Est. reading time":"1 minute"},"schema":{"@context":"https:\/\/schema.org","@graph":[{"@type":"WebPage","@id":"https:\/\/dahome.be\/de\/contact\/","url":"https:\/\/dahome.be\/de\/contact\/","name":"Contact - DaHome","isPartOf":{"@id":"https:\/\/dahome.lademo.be\/#website"},"datePublished":"2026-03-16T12:28:58+00:00","dateModified":"2026-03-16T14:02:36+00:00","breadcrumb":{"@id":"https:\/\/dahome.be\/de\/contact\/#breadcrumb"},"inLanguage":"de-DE","potentialAction":[{"@type":"ReadAction","target":["https:\/\/dahome.be\/de\/contact\/"]}]},{"@type":"BreadcrumbList","@id":"https:\/\/dahome.be\/de\/contact\/#breadcrumb","itemListElement":[{"@type":"ListItem","position":1,"name":"Home","item":"https:\/\/dahome.be\/de\/"},{"@type":"ListItem","position":2,"name":"Contact"}]},{"@type":"WebSite","@id":"https:\/\/dahome.lademo.be\/#website","url":"https:\/\/dahome.lademo.be\/","name":"DaHome","description":"","potentialAction":[{"@type":"SearchAction","target":{"@type":"EntryPoint","urlTemplate":"https:\/\/dahome.lademo.be\/?s={search_term_string}"},"query-input":{"@type":"PropertyValueSpecification","valueRequired":true,"valueName":"search_term_string"}}],"inLanguage":"de-DE"}]}},"_links":{"self":[{"href":"https:\/\/dahome.be\/de\/wp-json\/wp\/v2\/pages\/4757","targetHints":{"allow":["GET"]}}],"collection":[{"href":"https:\/\/dahome.be\/de\/wp-json\/wp\/v2\/pages"}],"about":[{"href":"https:\/\/dahome.be\/de\/wp-json\/wp\/v2\/types\/page"}],"author":[{"embeddable":true,"href":"https:\/\/dahome.be\/de\/wp-json\/wp\/v2\/users\/1"}],"replies":[{"embeddable":true,"href":"https:\/\/dahome.be\/de\/wp-json\/wp\/v2\/comments?post=4757"}],"version-history":[{"count":4,"href":"https:\/\/dahome.be\/de\/wp-json\/wp\/v2\/pages\/4757\/revisions"}],"predecessor-version":[{"id":4768,"href":"https:\/\/dahome.be\/de\/wp-json\/wp\/v2\/pages\/4757\/revisions\/4768"}],"wp:attachment":[{"href":"https:\/\/dahome.be\/de\/wp-json\/wp\/v2\/media?parent=4757"}],"curies":[{"name":"wp","href":"https:\/\/api.w.org\/{rel}","templated":true}]}}