{"id":468,"date":"2024-01-16T12:18:03","date_gmt":"2024-01-16T12:18:03","guid":{"rendered":"https:\/\/dahome.be\/allgemeine-bedingungen\/"},"modified":"2024-12-26T09:33:04","modified_gmt":"2024-12-26T09:33:04","slug":"allgemeine-bedingungen","status":"publish","type":"page","link":"https:\/\/dahome.be\/de\/allgemeine-bedingungen\/","title":{"rendered":"allgemeine-bedingungen"},"content":{"rendered":"","protected":false},"excerpt":{"rendered":"","protected":false},"author":2,"featured_media":0,"parent":0,"menu_order":0,"comment_status":"closed","ping_status":"closed","template":"","meta":{"_acf_changed":false,"inline_featured_image":false,"footnotes":""},"class_list":["post-468","page","type-page","status-publish","hentry"],"acf":{"header":{"":null,"image":250,"title":"","text":"","search":false,"settings":{"visible":true,"anchor_name":""}},"sections":[{"acf_fc_layout":"wysiwyg","framed":false,"wysiwyg":"<h1>Allgemeine Nutzungsbedingungen DaHome<\/h1>\r\n&nbsp;\r\n<div class=\"flex max-w-full flex-col flex-grow\">\r\n<div class=\"min-h-8 text-message flex w-full flex-col items-end gap-2 whitespace-normal break-words text-start [.text-message+&amp;]:mt-5\" dir=\"auto\" data-message-author-role=\"assistant\" data-message-id=\"689e6ac2-a9e6-419b-b7ab-20fb897f4cd5\" data-message-model-slug=\"gpt-4o\">\r\n<div class=\"flex w-full flex-col gap-1 empty:hidden first:pt-[3px]\">\r\n<div class=\"markdown prose w-full break-words dark:prose-invert light\">\r\n\r\n<strong>Allgemeine Gesch\u00e4ftsbedingungen DaHome<\/strong>\r\n\r\nDiese Webanwendung wird herausgegeben von Cherry Pulp BV.\r\n\r\nSitz der Gesellschaft: Rue des Palais 44, 1030 Br\u00fcssel, Belgien\r\n\r\nUnternehmensnummer (KBO): 0515.998.824\r\n\r\nKontakt: F\u00fcr technische oder sonstige Probleme im Zusammenhang mit der Webanwendung Dahome.be wenden Sie sich bitte an das zust\u00e4ndige <a href=\"https:\/\/dajobs.be\/de\/contact\/\" target=\"_blank\" rel=\"noreferrer noopener\">DaHome JobCenter<\/a>.\r\n\r\n<\/div>\r\n<\/div>\r\n<\/div>\r\n<\/div>","fullwidth":false,"settings":{"visible":true,"anchor_name":"","spacing_top":"medium","spacing_bottom":"medium"}},{"acf_fc_layout":"accordion","items":[{"title":"1. Voraussetzungen","description":"","text":"Die DaHome GmbH r\u00e4umt ihren Dienstleistungsscheckkunden und Haushaltshilfen das Recht ein, diese Webanwendung gem\u00e4\u00df den vorliegenden allgemeinen Gesch\u00e4ftsbedingungen zu konsultieren und zu nutzen. Durch den Zugriff und die Nutzung dieser Webanwendung akzeptieren die Kunden von DaHome ausdr\u00fccklich und ohne Vorbehalte diese allgemeinen Nutzungsbedingungen.\r\n\r\nDie DaHome GmbH beh\u00e4lt sich das Recht vor, das Recht auf Zugang und Nutzung der Webanwendung jederzeit und ohne Vorank\u00fcndigung aufzuheben oder einzuschr\u00e4nken, kann aber auch die Webanwendung und diese allgemeinen Nutzungsbedingungen \u00e4ndern."},{"title":"2. Zugang zur Webanwendung","description":"","text":"Diese Webanwendung ist durch das Recht des intellektuellen Eigentums gesch\u00fctzt.\r\n\r\nJegliche Nutzung der Webanwendung, die nicht mit diesen Bedingungen \u00fcbereinstimmt (insbesondere die Offenlegung von Informationen oder Elementen, die Vervielf\u00e4ltigung, die Weitergabe oder der Vertrieb usw.), ist nicht gestattet und kann eine Verletzung der Rechte an geistigem Eigentum darstellen, eine strafbare Handlung sein und\/oder Schadenersatzanspr\u00fcche nach sich ziehen.\r\n\r\nJeder, der die Webanwendung nutzt, muss die Vertraulichkeit seines Logins und Passworts sicherstellen und verhindern, dass unbefugte Dritte mit seinem Login und Passwort auf die Webanwendung zugreifen. Jeder Nutzer ist daher f\u00fcr seinen pers\u00f6nlichen Zugang selbst verantwortlich."},{"title":"3. Nutzung der Webanwendung","description":"","text":"<div class=\"flex max-w-full flex-col flex-grow\">\r\n<div class=\"min-h-8 text-message flex w-full flex-col items-end gap-2 whitespace-normal break-words text-start [.text-message+&amp;]:mt-5\" dir=\"auto\" data-message-author-role=\"assistant\" data-message-id=\"bc2f8fb4-5a87-4792-86b9-d771fcfe8f52\" data-message-model-slug=\"gpt-4o\">\r\n<div class=\"flex w-full flex-col gap-1 empty:hidden first:pt-[3px]\">\r\n<div class=\"markdown prose w-full break-words dark:prose-invert light\">\r\n<div class=\"flex-1 overflow-hidden @container\/thread\">\r\n<div class=\"h-full\">\r\n<div class=\"react-scroll-to-bottom--css-nfskb-79elbk h-full\">\r\n<div class=\"react-scroll-to-bottom--css-nfskb-1n7m0yu\">\r\n<div class=\"flex flex-col text-sm md:pb-9\"><article class=\"w-full scroll-mb-[var(--thread-trailing-height,150px)] text-token-text-primary focus-visible:outline-2 focus-visible:outline-offset-[-4px]\" dir=\"auto\" data-testid=\"conversation-turn-31\" data-scroll-anchor=\"true\">\r\n<div class=\"m-auto text-base py-[18px] px-3 md:px-4 w-full md:px-5 lg:px-4 xl:px-5\">\r\n<div class=\"mx-auto flex flex-1 gap-4 text-base md:gap-5 lg:gap-6 md:max-w-3xl lg:max-w-[40rem] xl:max-w-[48rem]\">\r\n<div class=\"group\/conversation-turn relative flex w-full min-w-0 flex-col agent-turn\">\r\n<div class=\"flex-col gap-1 md:gap-3\">\r\n<div class=\"flex max-w-full flex-col flex-grow\">\r\n<div class=\"min-h-8 text-message flex w-full flex-col items-end gap-2 whitespace-normal break-words text-start [.text-message+&amp;]:mt-5\" dir=\"auto\" data-message-author-role=\"assistant\" data-message-id=\"f3c42316-4f71-404b-aa18-4ae0c5a12140\" data-message-model-slug=\"gpt-4o-mini\">\r\n<div class=\"flex w-full flex-col gap-1 empty:hidden first:pt-[3px]\">\r\n<div class=\"markdown prose w-full break-words dark:prose-invert light\">\r\n\r\n3.1. Haushaltshelfer und Kunden haben die M\u00f6glichkeit, Kommentare in der Webanwendung zu hinterlassen.\r\nDiese Kommentare sind ausschlie\u00dflich f\u00fcr DaHome GmbH bestimmt und nur f\u00fcr DaHome GmbH einsehbar. Zur Gew\u00e4hrleistung einer vertrauensw\u00fcrdigen Plattform verpflichtet sich DaHome GmbH, sicherzustellen, dass ver\u00f6ffentlichte Kommentare n\u00fctzlich und informativ sind und weder einer Haushaltshelferin, einem Kunden noch dem Unternehmen Schaden zuf\u00fcgen.\r\n\r\nIn diesem Zusammenhang fordert DaHome GmbH alle Nutzer der Webanwendung auf, sicherzustellen, dass ihre Kommentare:\r\n<ul>\r\n \t<li>sich auf ihre Interaktionen mit dem Kunden bzw. der Haushaltshelferin beziehen und im Zusammenhang mit der Arbeit stehen, die die Haushaltshelferin im Haushalt des Kunden verrichtet;<\/li>\r\n \t<li>rechtm\u00e4\u00dfig, angemessen, ehrlich, wahrheitsgem\u00e4\u00df, genau und relevant sind;<\/li>\r\n \t<li>keine diskriminierenden, verleumderischen, rassistischen, fremdenfeindlichen, obsz\u00f6nen, beleidigenden, verletzenden, pornografischen oder anderweitig unzul\u00e4ssigen Inhalte enthalten;<\/li>\r\n \t<li>keine Schadsoftware, Bugs oder andere Viren enthalten;<\/li>\r\n \t<li>nicht betr\u00fcgerisch, falsch oder irref\u00fchrend sind;<\/li>\r\n \t<li>keiner Geheimhaltungspflicht unterliegen und keine vertraulichen Informationen Dritter enthalten (einschlie\u00dflich, aber nicht beschr\u00e4nkt auf: Adresse, Telefonnummer, E-Mail-Adresse, Sozialversicherungsnummer, Personalausweisnummer, Bankkartennummer usw.);<\/li>\r\n \t<li>keine Rechte an geistigem Eigentum oder Markenrechte verletzen;<\/li>\r\n \t<li>den geltenden Gesetzen und Vorschriften entsprechen.<\/li>\r\n<\/ul>\r\n3.2. Haushaltshelfer und Kunden haben die M\u00f6glichkeit, ihre Abwesenheitszeiten \u00fcber die Webanwendung anzugeben.\r\nDie Bedingungen f\u00fcr Abwesenheitszeiten der Kunden sind in unseren <a href=\"https:\/\/dajobs.be\/app\/uploads\/2024\/10\/allgemeine-geschaftsbedingungen-dlc-de-2024-def.pdf\">allgemeinen Gesch\u00e4ftsbedingungen<\/a> geregelt.\r\n\r\nDie Regelungen f\u00fcr Abwesenheitszeiten der Haushaltshelfer sind in unserer Arbeitsordnung festgelegt.\r\n\r\n3.3. Haushaltshelfer haben die M\u00f6glichkeit, ihren Arbeitsplan \u00fcber die Webanwendung einzusehen.\r\n\r\n<\/div>\r\n<\/div>\r\n<\/div>\r\n<\/div>\r\n<\/div>\r\n<\/div>\r\n<\/div>\r\n<\/div>\r\n<\/article><\/div>\r\n<\/div>\r\n<\/div>\r\n<\/div>\r\n<\/div>\r\n<\/div>\r\n<\/div>\r\n<\/div>\r\n<\/div>"},{"title":"4. Links","description":"","text":"<div class=\"flex-shrink-0 flex flex-col relative items-end\">\r\n<div class=\"pt-0\">\r\n<div class=\"gizmo-bot-avatar flex h-8 w-8 items-center justify-center overflow-hidden rounded-full\">\r\n<div class=\"relative p-1 rounded-sm flex items-center justify-center bg-token-main-surface-primary text-token-text-primary h-8 w-8\">Diese Webanwendung enth\u00e4lt Links zu anderen Websites. DaHome GmbH \u00fcbernimmt keine Haftung f\u00fcr die Nichtverf\u00fcgbarkeit oder Funktionsst\u00f6rungen dieser externen Websites.<\/div>\r\n<\/div>\r\n<\/div>\r\n<\/div>"},{"title":"5. Haftung","description":"","text":"Die DaHome GmbH kann nicht f\u00fcr die Kompatibilit\u00e4t dieser Webanwendung mit der Software oder Hardware des Nutzers haftbar gemacht werden, auch nicht im Falle eines auf der Webanwendung genannten Fehlers oder einer Fehlfunktion."},{"title":"6. Vertraulichkeit und Datenschutz","description":"","text":"<div class=\"flex-shrink-0 flex flex-col relative items-end\">\r\n<div>\r\n<div class=\"pt-0\">\r\n<div class=\"gizmo-bot-avatar flex h-8 w-8 items-center justify-center overflow-hidden rounded-full\">\r\n<div class=\"relative p-1 rounded-sm flex items-center justify-center bg-token-main-surface-primary text-token-text-primary h-8 w-8\">Die Datenschutzpolitik der DaHome GmbH kann \u00fcber die Webanwendung eingesehen werden. Diese Politik ist Teil der vorliegenden allgemeinen Nutzungsbedingungen.<\/div>\r\n<\/div>\r\n<\/div>\r\n<\/div>\r\n<\/div>\r\n<ul>\r\n \t<li><a href=\"https:\/\/dajobs.be\/de\/privacy-verarbeitung-personenbezogener-daten\/erklarung-zur-verarbeitung-personenbezogener-daten-von-haushaltshilfen\/\" target=\"_blank\" rel=\"noreferrer noopener\" data-type=\"URL\" data-id=\"https:\/\/dajobs.be\/de\/privacy-verarbeitung-personenbezogener-daten\/erklarung-zur-verarbeitung-personenbezogener-daten-von-haushaltshilfen\/\">Datenschutzerkl\u00e4rung Haushaltshilfen Dienstleistungsschecks<\/a><\/li>\r\n<\/ul>\r\n<ul>\r\n \t<li><a href=\"https:\/\/dajobs.be\/de\/privacy-verarbeitung-personenbezogener-daten\/erklarung-zur-verarbeitung-personenbezogener-daten-von-kunden-und-interessenten-der-dienstleistungsschecks\/\" target=\"_blank\" rel=\"noreferrer noopener\" data-type=\"URL\" data-id=\"https:\/\/dajobs.be\/de\/privacy-verarbeitung-personenbezogener-daten\/erklarung-zur-verarbeitung-personenbezogener-daten-von-kunden-und-interessenten-der-dienstleistungsschecks\/\">Datenschutzbestimmungen f\u00fcr Kunden von Dienstleistungsschecks<\/a><\/li>\r\n<\/ul>"},{"title":"7. Zust\u00e4ndige Gerichte","description":"","text":"ie vorliegenden allgemeinen Nutzungsbedingungen unterliegen der Anwendung des belgischen Rechts.\r\n\r\nVorbehaltlich abweichender zwingender gesetzlicher Bestimmungen sind ausschlie\u00dflich die Gerichte in Br\u00fcssel (franz\u00f6sischsprachige Kammern) f\u00fcr alle Streitigkeiten im Zusammenhang mit der Ausf\u00fchrung und Auslegung der vorliegenden allgemeinen Nutzungsbedingungen zust\u00e4ndig.\r\n\r\nDaHome GmbH\r\n\r\nHauptsitz: Galerie Porte Louise 203\/5, 1050 Br\u00fcssel\r\n\r\nUnternehmensnummer: 0400.523.292"}],"settings":{"visible":true,"anchor_name":"","spacing_top":"medium","spacing_bottom":"medium"}}],"cta":{"":null,"background_image":null,"title":"","items":null,"settings":{"visible":true,"anchor_name":"","heading_tag":"h2"}},"settings":{"has_offset":false}},"yoast_head":"<!-- This site is optimized with the Yoast SEO plugin v26.7 - https:\/\/yoast.com\/wordpress\/plugins\/seo\/ -->\n<title>allgemeine-bedingungen - DaHome<\/title>\n<meta name=\"robots\" content=\"index, follow, max-snippet:-1, max-image-preview:large, max-video-preview:-1\" \/>\n<link rel=\"canonical\" href=\"https:\/\/dahome.be\/de\/allgemeine-bedingungen\/\" \/>\n<meta property=\"og:locale\" content=\"de_DE\" \/>\n<meta property=\"og:type\" content=\"article\" \/>\n<meta property=\"og:title\" content=\"allgemeine-bedingungen - DaHome\" \/>\n<meta property=\"og:url\" content=\"https:\/\/dahome.be\/de\/allgemeine-bedingungen\/\" \/>\n<meta property=\"og:site_name\" content=\"DaHome\" \/>\n<meta property=\"article:modified_time\" content=\"2024-12-26T09:33:04+00:00\" \/>\n<meta name=\"twitter:card\" content=\"summary_large_image\" \/>\n<meta name=\"twitter:label1\" content=\"Est. reading time\" \/>\n\t<meta name=\"twitter:data1\" content=\"4 minutes\" \/>\n<script type=\"application\/ld+json\" class=\"yoast-schema-graph\">{\"@context\":\"https:\/\/schema.org\",\"@graph\":[{\"@type\":\"WebPage\",\"@id\":\"https:\/\/dahome.be\/de\/allgemeine-bedingungen\/\",\"url\":\"https:\/\/dahome.be\/de\/allgemeine-bedingungen\/\",\"name\":\"allgemeine-bedingungen - DaHome\",\"isPartOf\":{\"@id\":\"https:\/\/dahome.lademo.be\/#website\"},\"datePublished\":\"2024-01-16T12:18:03+00:00\",\"dateModified\":\"2024-12-26T09:33:04+00:00\",\"breadcrumb\":{\"@id\":\"https:\/\/dahome.be\/de\/allgemeine-bedingungen\/#breadcrumb\"},\"inLanguage\":\"de-DE\",\"potentialAction\":[{\"@type\":\"ReadAction\",\"target\":[\"https:\/\/dahome.be\/de\/allgemeine-bedingungen\/\"]}]},{\"@type\":\"BreadcrumbList\",\"@id\":\"https:\/\/dahome.be\/de\/allgemeine-bedingungen\/#breadcrumb\",\"itemListElement\":[{\"@type\":\"ListItem\",\"position\":1,\"name\":\"Home\",\"item\":\"https:\/\/dahome.be\/de\/\"},{\"@type\":\"ListItem\",\"position\":2,\"name\":\"allgemeine-bedingungen\"}]},{\"@type\":\"WebSite\",\"@id\":\"https:\/\/dahome.lademo.be\/#website\",\"url\":\"https:\/\/dahome.lademo.be\/\",\"name\":\"DaHome\",\"description\":\"\",\"potentialAction\":[{\"@type\":\"SearchAction\",\"target\":{\"@type\":\"EntryPoint\",\"urlTemplate\":\"https:\/\/dahome.lademo.be\/?s={search_term_string}\"},\"query-input\":{\"@type\":\"PropertyValueSpecification\",\"valueRequired\":true,\"valueName\":\"search_term_string\"}}],\"inLanguage\":\"de-DE\"}]}<\/script>\n<!-- \/ Yoast SEO plugin. -->","yoast_head_json":{"title":"allgemeine-bedingungen - DaHome","robots":{"index":"index","follow":"follow","max-snippet":"max-snippet:-1","max-image-preview":"max-image-preview:large","max-video-preview":"max-video-preview:-1"},"canonical":"https:\/\/dahome.be\/de\/allgemeine-bedingungen\/","og_locale":"de_DE","og_type":"article","og_title":"allgemeine-bedingungen - DaHome","og_url":"https:\/\/dahome.be\/de\/allgemeine-bedingungen\/","og_site_name":"DaHome","article_modified_time":"2024-12-26T09:33:04+00:00","twitter_card":"summary_large_image","twitter_misc":{"Est. reading time":"4 minutes"},"schema":{"@context":"https:\/\/schema.org","@graph":[{"@type":"WebPage","@id":"https:\/\/dahome.be\/de\/allgemeine-bedingungen\/","url":"https:\/\/dahome.be\/de\/allgemeine-bedingungen\/","name":"allgemeine-bedingungen - DaHome","isPartOf":{"@id":"https:\/\/dahome.lademo.be\/#website"},"datePublished":"2024-01-16T12:18:03+00:00","dateModified":"2024-12-26T09:33:04+00:00","breadcrumb":{"@id":"https:\/\/dahome.be\/de\/allgemeine-bedingungen\/#breadcrumb"},"inLanguage":"de-DE","potentialAction":[{"@type":"ReadAction","target":["https:\/\/dahome.be\/de\/allgemeine-bedingungen\/"]}]},{"@type":"BreadcrumbList","@id":"https:\/\/dahome.be\/de\/allgemeine-bedingungen\/#breadcrumb","itemListElement":[{"@type":"ListItem","position":1,"name":"Home","item":"https:\/\/dahome.be\/de\/"},{"@type":"ListItem","position":2,"name":"allgemeine-bedingungen"}]},{"@type":"WebSite","@id":"https:\/\/dahome.lademo.be\/#website","url":"https:\/\/dahome.lademo.be\/","name":"DaHome","description":"","potentialAction":[{"@type":"SearchAction","target":{"@type":"EntryPoint","urlTemplate":"https:\/\/dahome.lademo.be\/?s={search_term_string}"},"query-input":{"@type":"PropertyValueSpecification","valueRequired":true,"valueName":"search_term_string"}}],"inLanguage":"de-DE"}]}},"_links":{"self":[{"href":"https:\/\/dahome.be\/de\/wp-json\/wp\/v2\/pages\/468","targetHints":{"allow":["GET"]}}],"collection":[{"href":"https:\/\/dahome.be\/de\/wp-json\/wp\/v2\/pages"}],"about":[{"href":"https:\/\/dahome.be\/de\/wp-json\/wp\/v2\/types\/page"}],"author":[{"embeddable":true,"href":"https:\/\/dahome.be\/de\/wp-json\/wp\/v2\/users\/2"}],"replies":[{"embeddable":true,"href":"https:\/\/dahome.be\/de\/wp-json\/wp\/v2\/comments?post=468"}],"version-history":[{"count":6,"href":"https:\/\/dahome.be\/de\/wp-json\/wp\/v2\/pages\/468\/revisions"}],"predecessor-version":[{"id":2477,"href":"https:\/\/dahome.be\/de\/wp-json\/wp\/v2\/pages\/468\/revisions\/2477"}],"wp:attachment":[{"href":"https:\/\/dahome.be\/de\/wp-json\/wp\/v2\/media?parent=468"}],"curies":[{"name":"wp","href":"https:\/\/api.w.org\/{rel}","templated":true}]}}