{"id":2615,"date":"2023-12-20T12:51:15","date_gmt":"2023-12-20T12:51:15","guid":{"rendered":"https:\/\/dahome.be\/privacy-policy\/"},"modified":"2026-03-23T14:21:06","modified_gmt":"2026-03-23T14:21:06","slug":"privacy-policy","status":"publish","type":"page","link":"https:\/\/dahome.be\/de\/privacy-policy\/","title":{"rendered":"Privacy Policy"},"content":{"rendered":"\r\n<h2 class=\"wp-block-heading\">Who we are<\/h2>\r\n\r\n\r\n\r\n<p><strong class=\"privacy-policy-tutorial\">Suggested text: <\/strong>Our website address is: https:\/\/dahome.be.<\/p>\r\n\r\n\r\n\r\n<h2 class=\"wp-block-heading\">Comments<\/h2>\r\n\r\n\r\n\r\n<p><strong class=\"privacy-policy-tutorial\">Suggested text: <\/strong>When visitors leave comments on the site we collect the data shown in the comments form, and also the visitor\u2019s IP address and browser user agent string to help spam detection.<\/p>\r\n\r\n\r\n\r\n<p>An anonymized string created from your email address (also called a hash) may be provided to the Gravatar service to see if you are using it. The Gravatar service privacy policy is available here: https:\/\/automattic.com\/privacy\/. After approval of your comment, your profile picture is visible to the public in the context of your comment.<\/p>\r\n\r\n\r\n\r\n<h2 class=\"wp-block-heading\">Media<\/h2>\r\n\r\n\r\n\r\n<p><strong class=\"privacy-policy-tutorial\">Suggested text: <\/strong>If you upload images to the website, you should avoid uploading images with embedded location data (EXIF GPS) included. Visitors to the website can download and extract any location data from images on the website.<\/p>\r\n\r\n\r\n\r\n<h2 class=\"wp-block-heading\">Cookies<\/h2>\r\n\r\n\r\n\r\n<p><strong class=\"privacy-policy-tutorial\">Suggested text: <\/strong>If you leave a comment on our site you may opt-in to saving your name, email address and website in cookies. These are for your convenience so that you do not have to fill in your details again when you leave another comment. These cookies will last for one year.<\/p>\r\n\r\n\r\n\r\n<p>If you visit our login page, we will set a temporary cookie to determine if your browser accepts cookies. This cookie contains no personal data and is discarded when you close your browser.<\/p>\r\n\r\n\r\n\r\n<p>When you log in, we will also set up several cookies to save your login information and your screen display choices. Login cookies last for two days, and screen options cookies last for a year. If you select &#8220;Remember Me&#8221;, your login will persist for two weeks. If you log out of your account, the login cookies will be removed.<\/p>\r\n\r\n\r\n\r\n<p>If you edit or publish an article, an additional cookie will be saved in your browser. This cookie includes no personal data and simply indicates the post ID of the article you just edited. It expires after 1 day.<\/p>\r\n\r\n\r\n\r\n<h2 class=\"wp-block-heading\">Embedded content from other websites<\/h2>\r\n\r\n\r\n\r\n<p><strong class=\"privacy-policy-tutorial\">Suggested text: <\/strong>Articles on this site may include embedded content (e.g. videos, images, articles, etc.). Embedded content from other websites behaves in the exact same way as if the visitor has visited the other website.<\/p>\r\n\r\n\r\n\r\n<p>These websites may collect data about you, use cookies, embed additional third-party tracking, and monitor your interaction with that embedded content, including tracking your interaction with the embedded content if you have an account and are logged in to that website.<\/p>\r\n\r\n\r\n\r\n<h2 class=\"wp-block-heading\">Who we share your data with<\/h2>\r\n\r\n\r\n\r\n<p><strong class=\"privacy-policy-tutorial\">Suggested text: <\/strong>If you request a password reset, your IP address will be included in the reset email.<\/p>\r\n\r\n\r\n\r\n<h2 class=\"wp-block-heading\">How long we retain your data<\/h2>\r\n\r\n\r\n\r\n<p><strong class=\"privacy-policy-tutorial\">Suggested text: <\/strong>If you leave a comment, the comment and its metadata are retained indefinitely. This is so we can recognize and approve any follow-up comments automatically instead of holding them in a moderation queue.<\/p>\r\n\r\n\r\n\r\n<p>For users that register on our website (if any), we also store the personal information they provide in their user profile. All users can see, edit, or delete their personal information at any time (except they cannot change their username). Website administrators can also see and edit that information.<\/p>\r\n\r\n\r\n\r\n<h2 class=\"wp-block-heading\">What rights you have over your data<\/h2>\r\n\r\n\r\n\r\n<p><strong class=\"privacy-policy-tutorial\">Suggested text: <\/strong>If you have an account on this site, or have left comments, you can request to receive an exported file of the personal data we hold about you, including any data you have provided to us. You can also request that we erase any personal data we hold about you. This does not include any data we are obliged to keep for administrative, legal, or security purposes.<\/p>\r\n\r\n\r\n\r\n<h2 class=\"wp-block-heading\">Where your data is sent<\/h2>\r\n\r\n\r\n\r\n<p><strong class=\"privacy-policy-tutorial\">Suggested text: <\/strong>Visitor comments may be checked through an automated spam detection service.<\/p>\r\n","protected":false},"excerpt":{"rendered":"<p>Who we are Suggested text: Our website address is: https:\/\/dahome.be. Comments Suggested text: When visitors leave comments on the site we collect the data shown in the comments form, and also the visitor\u2019s IP address and browser user agent string to help spam detection. An anonymized string created from your email address (also called a &hellip; <a href=\"https:\/\/dahome.be\/de\/privacy-policy\/\">Continued<\/a><\/p>\n","protected":false},"author":1,"featured_media":0,"parent":0,"menu_order":0,"comment_status":"closed","ping_status":"closed","template":"","meta":{"_acf_changed":false,"inline_featured_image":false,"footnotes":""},"class_list":["post-2615","page","type-page","status-publish","hentry"],"acf":{"header":{"":null,"image":250,"title":"","text":"","search":false,"settings":{"visible":true,"anchor_name":""}},"sections":[{"acf_fc_layout":"wysiwyg","framed":false,"wysiwyg":"<h1><strong>Politik zu Cookies<\/strong><\/h1>\r\n&nbsp;\r\n<h2><strong>Was sind Cookies?<\/strong><\/h2>\r\n&nbsp;\r\n\r\nEin Cookie ist eine kleine Datendatei, die in Ihrem Browser (zum Beispiel Chrome oder Firefox) oder auf der Festplatte Ihres Ger\u00e4ts gespeichert wird, wenn Sie eine Website besuchen. F\u00fcr die Webanwendung TS-App besteht das Hauptziel eines Cookies darin, die Verwendung der Anwendung zu erleichtern. Eine solche Datei speichert Informationen wie Ihre Spracheinstellung f\u00fcr die Anwendung. Dadurch k\u00f6nnen bestimmte Einstellungen oder Vorlieben w\u00e4hrend der Nutzung unserer Anwendung gespeichert werden. Wenn Sie die Anwendung erneut besuchen, wird dieses Cookie erneut an die Anwendung gesendet. Auf diese Weise erkennt die Anwendung Ihren Browser wieder und kann beispielsweise Ihre Spracheinstellung speichern.\r\n\r\n&nbsp;\r\n<h2><strong>Warum verwenden wir Cookies?<\/strong><\/h2>\r\n&nbsp;\r\n\r\nDaHome GmbH, der die Anwendung betreibt, verwendet einen Typ von Cookies auf der Anwendung, n\u00e4mlich wesentliche Session-Cookies. Die Verwendung von funktionalen Cookies und analytischen Cookies ist derzeit nicht vorgesehen.\r\n\r\n&nbsp;\r\n<h2><strong>Liste der wesentlichen Session-Cookies<\/strong><\/h2>\r\n&nbsp;\r\n\r\nDiese Cookies sind aus rein technischen Gr\u00fcnden erforderlich, um die Anwendung besuchen zu k\u00f6nnen. Aufgrund der technischen Notwendigkeit gilt lediglich eine Informationspflicht. Diese Cookies werden eingerichtet, sobald Sie die Anwendung besuchen.\r\n\r\n&nbsp;\r\n<figure class=\"wp-block-table is-style-stripes\">\r\n<table>\r\n<tbody>\r\n<tr>\r\n<td class=\"has-text-align-center\" data-align=\"center\"><strong>Nom<\/strong><\/td>\r\n<td class=\"has-text-align-center\" data-align=\"center\"><strong>Date d\u2019expiration<\/strong><\/td>\r\n<td class=\"has-text-align-center\" data-align=\"center\"><strong>Contenu<\/strong><\/td>\r\n<td class=\"has-text-align-center\" data-align=\"center\"><strong>Objectif<\/strong><\/td>\r\n<\/tr>\r\n<tr>\r\n<td class=\"has-text-align-center\" data-align=\"center\">daoust_session<\/td>\r\n<td class=\"has-text-align-center\" data-align=\"center\">24 Stunden<\/td>\r\n<td class=\"has-text-align-center\" data-align=\"center\"><\/td>\r\n<td class=\"has-text-align-center\" data-align=\"center\">Beh\u00e4lt die aktuelle Benutzersitzung bei<\/td>\r\n<\/tr>\r\n<tr>\r\n<td class=\"has-text-align-center\" data-align=\"center\">daoustCookieConsent<\/td>\r\n<td class=\"has-text-align-center\" data-align=\"center\">7 Tage<\/td>\r\n<td class=\"has-text-align-center\" data-align=\"center\">\/<\/td>\r\n<td class=\"has-text-align-center\" data-align=\"center\">Erm\u00f6glicht die Anzeige des GDPR-Pop-ups und die Auswahl<\/td>\r\n<\/tr>\r\n<tr>\r\n<td class=\"has-text-align-center\" data-align=\"center\">XSRF-TOKEN<\/td>\r\n<td class=\"has-text-align-center\" data-align=\"center\">24 Stunden<\/td>\r\n<td class=\"has-text-align-center\" data-align=\"center\">\/<\/td>\r\n<td class=\"has-text-align-center\" data-align=\"center\">XSRF-TOKEN 24 Stunden \/ Sichert die Formulare zur Kontoerstellung\/Beantragung als Kunde oder Haushaltshilfe<\/td>\r\n<\/tr>\r\n<\/tbody>\r\n<\/table>\r\n<\/figure>\r\n<h2><\/h2>\r\n<h2><strong>Wie kann ich sehen, welche Cookies auf meinem Ger\u00e4t installiert wurden und wie kann ich sie l\u00f6schen?<\/strong><\/h2>\r\n&nbsp;\r\n\r\nWenn Sie herausfinden m\u00f6chten, welche Cookies auf Ihrem Ger\u00e4t installiert wurden oder wenn Sie sie auch l\u00f6schen m\u00f6chten, k\u00f6nnen Sie eine Einstellung in Ihrem Browser verwenden. Die folgenden Links erkl\u00e4ren, wie Sie vorgehen k\u00f6nnen.\r\n\r\n&nbsp;\r\n<figure class=\"wp-block-table\">\r\n<table>\r\n<tbody>\r\n<tr>\r\n<td><a href=\"https:\/\/support.mozilla.org\/fr\/kb\/clear-cookies-and-site-data-firefox\" target=\"_blank\" rel=\"noreferrer noopener\">Firefox<\/a><\/td>\r\n<td><a href=\"https:\/\/support.google.com\/accounts\/answer\/32050?hl=fr&amp;co=GENIE.Platform%3DDesktop\" target=\"_blank\" rel=\"noreferrer noopener\">Chrome<\/a><\/td>\r\n<td><a href=\"https:\/\/support.apple.com\/fr-be\/guide\/safari\/sfri11471\/mac\" target=\"_blank\" rel=\"noreferrer noopener\" data-type=\"URL\" data-id=\"https:\/\/support.apple.com\/fr-be\/guide\/safari\/sfri11471\/mac\">Safari<\/a><\/td>\r\n<td><a href=\"https:\/\/support.microsoft.com\/fr\/windows\/delete-and-manage-cookies-168dab11-0753-043d-7c16-ede5947fc64d\" target=\"_blank\" rel=\"noreferrer noopener\">Internet Explorer<\/a><\/td>\r\n<\/tr>\r\n<tr>\r\n<td><a href=\"https:\/\/support.mozilla.org\/fr\/kb\/clear-browsing-history-firefox-ios\" target=\"_blank\" rel=\"noreferrer noopener\">Firefox (mobile)<\/a><\/td>\r\n<td><a href=\"https:\/\/support.google.com\/accounts\/answer\/32050?hl=fr&amp;co=GENIE.Platform%3DiOS\" target=\"_blank\" rel=\"noreferrer noopener\" data-type=\"URL\" data-id=\"https:\/\/support.google.com\/accounts\/answer\/32050?hl=fr&amp;co=GENIE.Platform%3DiOS\">Chrome (mobile)<\/a><\/td>\r\n<td><a href=\"https:\/\/support.apple.com\/fr-be\/HT201265\" target=\"_blank\" rel=\"noreferrer noopener\" data-type=\"URL\" data-id=\"https:\/\/support.apple.com\/fr-be\/HT201265\">Safari (mobile)<\/a><\/td>\r\n<td><a href=\"https:\/\/support.microsoft.com\/fr\/microsoft-edge\/delete-cookies-in-microsoft-edge-63947406-40ac-c3b8-57b9-2a946a29ae09\" target=\"_blank\" rel=\"noreferrer noopener\">Microsoft Edge<\/a><\/td>\r\n<\/tr>\r\n<\/tbody>\r\n<\/table>\r\n<\/figure>\r\n&nbsp;\r\n<h2><strong>\u00c4nderungen der Cookie-Richtlinie<\/strong><\/h2>\r\n&nbsp;\r\n\r\nDaHome GmbH kann seine Cookie-Richtlinie von Zeit zu Zeit aktualisieren. Das Datum der letzten \u00c4nderung finden Sie unterhalb dieser Erkl\u00e4rung. Wir empfehlen Ihnen, die Cookie-Richtlinie regelm\u00e4\u00dfig zu lesen, um \u00fcber etwaige \u00c4nderungen informiert zu sein.\r\n\r\n&nbsp;\r\n<h2><strong>Kontaktieren Sie uns<\/strong><\/h2>\r\n&nbsp;\r\n\r\nWenn Sie Fragen zur Cookie-Richtlinie oder zum Datenschutz haben oder Ihre Rechte aus\u00fcben oder weitere Informationen zu den von DaHome GmbH angebotenen Garantien erhalten m\u00f6chten, wenden Sie sich bitte an den Datenschutzbeauftragten unter <a href=\"mailto:dpo@daoust.be\">dpo@dahome.be<\/a>.\r\n\r\nDiese Erkl\u00e4rung wurde zuletzt am 4. Oktober 2022 aktualisiert.\r\n\r\n&nbsp;\r\n<h2><strong>Weitere Informationen zu Cookies<\/strong><\/h2>\r\n&nbsp;\r\n\r\nN\u00fctzliche Informationen zu Cookies sowie zu den geltenden Gesetzen und Vorschriften in Belgien finden Sie auf der Website der Datenschutzbeh\u00f6rde (GBA):\u00a0<a href=\"https:\/\/www.autoriteprotectiondonnees.be\/citoyen\/themes\/internet\/cookies\" target=\"_blank\" rel=\"noreferrer noopener\" data-type=\"URL\" data-id=\"https:\/\/www.autoriteprotectiondonnees.be\/citoyen\/themes\/internet\/cookies\">hier<\/a>\r\n\r\n&nbsp;\r\n<h2><strong>Wer ist f\u00fcr die Datenverarbeitung verantwortlich?<\/strong><\/h2>\r\n&nbsp;\r\n\r\nVerantwortlich f\u00fcr die Datenverarbeitung ist DaHome GmbH, der Betreiber der Website <a href=\"http:\/\/www.daoust.be\/\">www.dahome.be<\/a>.\r\n\r\nDaHome GmhB\r\n\r\nHauptsitz: Galerie Porte Louise 203\/5, 1050 Br\u00fcssel BCE: 1010.808.789\r\n\r\nE-Mail:\u00a0<a href=\"mailto:dpo@daoust.be\">dpo@dahome.be<\/a>\r\n\r\n&nbsp;\r\n<h2><strong>Datenschutz: Verarbeitung personenbezogener Daten<\/strong><\/h2>\r\n&nbsp;\r\n\r\nBei DaJobs s.a. legen wir gro\u00dfen Wert auf den Schutz Ihrer Privatsph\u00e4re. Im Folgenden finden Sie unsere <strong>Datenschutzerkl\u00e4rung f\u00fcr alle Personen<\/strong>, deren Daten von DaJobs s.a. als Verantwortlicher f\u00fcr die Datenverarbeitung verarbeitet werden.\r\n<ul>\r\n \t<li style=\"list-style-type: none;\">\r\n<ul>\r\n \t<li>Datenschutzerkl\u00e4rung f\u00fcr die Datenverarbeitung unserer\u00a0<strong><a href=\"https:\/\/dahome.be\/app\/uploads\/2026\/01\/2026-01-gdpr-client-ts.pdf\" target=\"_blank\" rel=\"noopener\">Kunden im Dienstleistungsscheck<\/a><\/strong><\/li>\r\n \t<li>Datenschutzerkl\u00e4rung f\u00fcr die Datenverarbeitung von<strong>\u00a0<a href=\"https:\/\/dahome.be\/app\/uploads\/2026\/01\/2026-01-gdpr-am.pdf\" target=\"_blank\" rel=\"noopener\">Haushaltshilfen Dienstleistungsschecks<\/a><\/strong><\/li>\r\n<\/ul>\r\n<\/li>\r\n<\/ul>\r\n&nbsp;\r\n\r\n&nbsp;\r\n<h2><strong>Allgemeine Gesch\u00e4ftsbedingungen<\/strong><\/h2>\r\n&nbsp;\r\n\r\nUm die Bedingungen f\u00fcr den Dienstleistungsscheck zu erfahren:\u00a0<strong><a href=\"https:\/\/dahome.be\/app\/uploads\/2026\/01\/2026-01-05-cg-ts-fr-def.pdf\">klicken Sie hier<\/a><\/strong>\r\n\r\n&nbsp;\r\n<h2><strong>Whistleblower<\/strong><\/h2>\r\n&nbsp;\r\n\r\nWeil\u00a0<span class=\"text-primary-500\"><strong>Integrit\u00e4t und Ethik<\/strong><\/span> im Zentrum unserer famili\u00e4ren Werte stehen, stellt DaHome sicher, dass eine Whistleblower-Politik verf\u00fcgbar ist.\r\n\r\n&nbsp;\r\n\r\nDieses System dient als Leitfaden und bietet die M\u00f6glichkeit,\u00a0<span class=\"text-primary-500\"><strong>Verst\u00f6\u00dfe gegen gesetzliche und regulatorische Standards vertraulich zu melden<\/strong><\/span>.\r\n\r\n&nbsp;\r\n\r\nDie Meldung eines Versto\u00dfes gegen gesetzliche und regulatorische Standards kann \u00fcber folgende Kan\u00e4le erfolgen:\r\n\r\n&nbsp;\r\n<ul>\r\n \t<li><a href=\"mailto:ethics@dajobs.be\">ethics@dajobs.be<\/a><\/li>\r\n \t<li><a href=\"tel:+32 2 207 17 77\">+32 2 207 17 77<\/a><\/li>\r\n \t<li><a href=\"https:\/\/www.google.com\/maps\/place\/GALERIE+PORTE+LOUISE\/@50.8357945,4.3535841,17z\/data=!3m1!4b1!4m6!3m5!1s0x47c3c4629922bcd9:0xa78905bd49caca5b!8m2!3d50.8357911!4d4.356159!16s%2Fg%2F120wrlyk?entry=ttu\">Galerie de la Porte Louise 203\/5 \u2013 1050 Ixelles<\/a><\/li>\r\n<\/ul>\r\n&nbsp;\r\n\r\n<strong><a href=\"https:\/\/dahome.be\/app\/uploads\/2026\/01\/20260501-whistleblowing-policy-fr-dajobs.pdf\" target=\"_blank\" rel=\"noopener\">Die ausf\u00fchrliche Verfahrensweise kann hier eingesehen werden<\/a><\/strong>\r\n\r\n&nbsp;\r\n<h2><span class=\"text-primary-500\">Name, Anschrift und ZDU-Nummer<\/span><\/h2>\r\n&nbsp;\r\n\r\nDaHome SA\r\nAnschrift:\u00a0<a href=\"https:\/\/www.google.com\/maps\/place\/DaJobs+Si%C3%A8ge+Bruxelles-Brussel\/@50.836882,4.3694056,14z\/data=!4m6!3m5!1s0x47c3c46283e95a31:0xe5dd1b3a3587159b!8m2!3d50.8357609!4d4.356076!16s%2Fg%2F1tcydml1?entry=ttu\">Galerie de la Porte Louise 203\/5, 1050 Bruxelles<\/a>\r\n\r\nTelefon:\u00a0<a href=\"tel:02\/513%2014%2014\">02\/513 14 14<\/a>\r\nE-mail:\u00a0<a href=\"mailto:info@dajobs.be\">info@dajobs.be<\/a>\r\nWebsite: www.dajobs.be\r\nFirmennummer: 1010.808.789\r\n\r\n&nbsp;\r\n\r\n<span class=\"text-primary-500\"><strong>Lizenznummern <\/strong><strong>DIENSTLEISTUNGSSCHECKS<\/strong><\/span>: Br\u00fcssel: \u00a0B50048\/ Flandern: V06149\/ Wallonien: W70026","fullwidth":false,"settings":{"visible":true,"anchor_name":"","spacing_top":"medium","spacing_bottom":"medium"}}],"cta":{"":null,"background_image":null,"title":"","items":null,"settings":{"visible":true,"anchor_name":"","heading_tag":"h2"}},"settings":{"has_offset":false}},"yoast_head":"<!-- This site is optimized with the Yoast SEO plugin v26.7 - https:\/\/yoast.com\/wordpress\/plugins\/seo\/ -->\n<title>Privacy Policy - DaHome<\/title>\n<meta name=\"robots\" content=\"noindex, nofollow\" \/>\n<meta property=\"og:locale\" content=\"de_DE\" \/>\n<meta property=\"og:type\" content=\"article\" \/>\n<meta property=\"og:title\" content=\"Privacy Policy - DaHome\" \/>\n<meta property=\"og:description\" content=\"Who we are Suggested text: Our website address is: https:\/\/dahome.be. Comments Suggested text: When visitors leave comments on the site we collect the data shown in the comments form, and also the visitor\u2019s IP address and browser user agent string to help spam detection. An anonymized string created from your email address (also called a &hellip; Continued\" \/>\n<meta property=\"og:url\" content=\"https:\/\/dahome.be\/de\/privacy-policy\/\" \/>\n<meta property=\"og:site_name\" content=\"DaHome\" \/>\n<meta property=\"article:modified_time\" content=\"2026-03-23T14:21:06+00:00\" \/>\n<meta name=\"twitter:card\" content=\"summary_large_image\" \/>\n<meta name=\"twitter:label1\" content=\"Est. reading time\" \/>\n\t<meta name=\"twitter:data1\" content=\"7 minutes\" \/>\n<script type=\"application\/ld+json\" class=\"yoast-schema-graph\">{\"@context\":\"https:\/\/schema.org\",\"@graph\":[{\"@type\":\"WebPage\",\"@id\":\"https:\/\/dahome.be\/de\/privacy-policy\/\",\"url\":\"https:\/\/dahome.be\/de\/privacy-policy\/\",\"name\":\"Privacy Policy - DaHome\",\"isPartOf\":{\"@id\":\"https:\/\/dahome.lademo.be\/#website\"},\"datePublished\":\"2023-12-20T12:51:15+00:00\",\"dateModified\":\"2026-03-23T14:21:06+00:00\",\"breadcrumb\":{\"@id\":\"https:\/\/dahome.be\/de\/privacy-policy\/#breadcrumb\"},\"inLanguage\":\"de-DE\",\"potentialAction\":[{\"@type\":\"ReadAction\",\"target\":[\"https:\/\/dahome.be\/de\/privacy-policy\/\"]}]},{\"@type\":\"BreadcrumbList\",\"@id\":\"https:\/\/dahome.be\/de\/privacy-policy\/#breadcrumb\",\"itemListElement\":[{\"@type\":\"ListItem\",\"position\":1,\"name\":\"Home\",\"item\":\"https:\/\/dahome.be\/de\/\"},{\"@type\":\"ListItem\",\"position\":2,\"name\":\"Privacy Policy\"}]},{\"@type\":\"WebSite\",\"@id\":\"https:\/\/dahome.lademo.be\/#website\",\"url\":\"https:\/\/dahome.lademo.be\/\",\"name\":\"DaHome\",\"description\":\"\",\"potentialAction\":[{\"@type\":\"SearchAction\",\"target\":{\"@type\":\"EntryPoint\",\"urlTemplate\":\"https:\/\/dahome.lademo.be\/?s={search_term_string}\"},\"query-input\":{\"@type\":\"PropertyValueSpecification\",\"valueRequired\":true,\"valueName\":\"search_term_string\"}}],\"inLanguage\":\"de-DE\"}]}<\/script>\n<!-- \/ Yoast SEO plugin. -->","yoast_head_json":{"title":"Privacy Policy - DaHome","robots":{"index":"noindex","follow":"nofollow"},"og_locale":"de_DE","og_type":"article","og_title":"Privacy Policy - DaHome","og_description":"Who we are Suggested text: Our website address is: https:\/\/dahome.be. Comments Suggested text: When visitors leave comments on the site we collect the data shown in the comments form, and also the visitor\u2019s IP address and browser user agent string to help spam detection. An anonymized string created from your email address (also called a &hellip; Continued","og_url":"https:\/\/dahome.be\/de\/privacy-policy\/","og_site_name":"DaHome","article_modified_time":"2026-03-23T14:21:06+00:00","twitter_card":"summary_large_image","twitter_misc":{"Est. reading time":"7 minutes"},"schema":{"@context":"https:\/\/schema.org","@graph":[{"@type":"WebPage","@id":"https:\/\/dahome.be\/de\/privacy-policy\/","url":"https:\/\/dahome.be\/de\/privacy-policy\/","name":"Privacy Policy - DaHome","isPartOf":{"@id":"https:\/\/dahome.lademo.be\/#website"},"datePublished":"2023-12-20T12:51:15+00:00","dateModified":"2026-03-23T14:21:06+00:00","breadcrumb":{"@id":"https:\/\/dahome.be\/de\/privacy-policy\/#breadcrumb"},"inLanguage":"de-DE","potentialAction":[{"@type":"ReadAction","target":["https:\/\/dahome.be\/de\/privacy-policy\/"]}]},{"@type":"BreadcrumbList","@id":"https:\/\/dahome.be\/de\/privacy-policy\/#breadcrumb","itemListElement":[{"@type":"ListItem","position":1,"name":"Home","item":"https:\/\/dahome.be\/de\/"},{"@type":"ListItem","position":2,"name":"Privacy Policy"}]},{"@type":"WebSite","@id":"https:\/\/dahome.lademo.be\/#website","url":"https:\/\/dahome.lademo.be\/","name":"DaHome","description":"","potentialAction":[{"@type":"SearchAction","target":{"@type":"EntryPoint","urlTemplate":"https:\/\/dahome.lademo.be\/?s={search_term_string}"},"query-input":{"@type":"PropertyValueSpecification","valueRequired":true,"valueName":"search_term_string"}}],"inLanguage":"de-DE"}]}},"_links":{"self":[{"href":"https:\/\/dahome.be\/de\/wp-json\/wp\/v2\/pages\/2615","targetHints":{"allow":["GET"]}}],"collection":[{"href":"https:\/\/dahome.be\/de\/wp-json\/wp\/v2\/pages"}],"about":[{"href":"https:\/\/dahome.be\/de\/wp-json\/wp\/v2\/types\/page"}],"author":[{"embeddable":true,"href":"https:\/\/dahome.be\/de\/wp-json\/wp\/v2\/users\/1"}],"replies":[{"embeddable":true,"href":"https:\/\/dahome.be\/de\/wp-json\/wp\/v2\/comments?post=2615"}],"version-history":[{"count":8,"href":"https:\/\/dahome.be\/de\/wp-json\/wp\/v2\/pages\/2615\/revisions"}],"predecessor-version":[{"id":5029,"href":"https:\/\/dahome.be\/de\/wp-json\/wp\/v2\/pages\/2615\/revisions\/5029"}],"wp:attachment":[{"href":"https:\/\/dahome.be\/de\/wp-json\/wp\/v2\/media?parent=2615"}],"curies":[{"name":"wp","href":"https:\/\/api.w.org\/{rel}","templated":true}]}}