{"id":1981,"date":"2024-05-02T08:16:43","date_gmt":"2024-05-02T08:16:43","guid":{"rendered":"https:\/\/dahome.be\/vlaanderen\/"},"modified":"2025-06-30T13:55:09","modified_gmt":"2025-06-30T13:55:09","slug":"flandern","status":"publish","type":"page","link":"https:\/\/dahome.be\/de\/flandern\/","title":{"rendered":"Flandern"},"content":{"rendered":"","protected":false},"excerpt":{"rendered":"","protected":false},"author":2,"featured_media":0,"parent":0,"menu_order":0,"comment_status":"closed","ping_status":"closed","template":"","meta":{"_acf_changed":false,"inline_featured_image":false,"footnotes":""},"class_list":["post-1981","page","type-page","status-publish","hentry"],"acf":{"header":{"":null,"image":250,"title":"Alles \u00fcber Dienstleistungsschecks in Flandern","text":"","search":false,"settings":{"visible":true,"anchor_name":""}},"sections":[{"acf_fc_layout":"text-image","left_right":false,"left_right_mobile":false,"framed":false,"text_center":false,"wysiwyg":"<h2><span style=\"color: #db2032;\">Ein Dienstleistungsscheck, was ist das?<\/span><\/h2>\r\nEin Dienstleistungsscheck ist ein von einem Privatpersonen gekaufter Scheck zur Bezahlung einer Arbeitsstunde, die von einem Arbeitnehmer zu Hause geleistet wird.\r\n<h3><\/h3>\r\n&nbsp;\r\n<h3><span style=\"color: #db2032;\">Dienstleistungsschecks kaufen: Kosten und Vorteile.<\/span><\/h3>\r\n<ul>\r\n \t<li>Die maximale Anzahl an Dienstleistungsschecks, die Sie pro Jahr und pro Person bestellen k\u00f6nnen, betr\u00e4gt\u00a0<strong>500 (1000 pro Haushalt)<\/strong>.<\/li>\r\n \t<li>Der Preis f\u00fcr einen Dienstleistungsscheck betr\u00e4gt\u00a0<strong>10 \u20ac<\/strong>.<\/li>\r\n<\/ul>\r\n&nbsp;\r\n\r\n*Diese Preis- und Steuersimulation dient nur als Richtwert und ist unverbindlich f\u00fcr DaHome. <a href=\"https:\/\/dienstencheques.vlaanderen.be\/\">Weitere Informationen und Gesetzgebung zu Dienstleistungsschecks in Belgien?<\/a>\r\n<h3><\/h3>\r\n&nbsp;\r\n<h3><span style=\"color: #db2032;\"><strong>Was ist die Rolle von Pluxee?<\/strong><\/span><\/h3>\r\nUm Dienstleistungsschecks nutzen zu k\u00f6nnen, m\u00fcssen Sie sich\u00a0<strong>kostenlos bei der Firma Pluxee anmelden<\/strong>, die diesen Service auf nationaler Ebene verwaltet.\r\n\r\n&nbsp;\r\n<h3><span style=\"color: #db2032;\"><strong>Wie lange am Tag?<\/strong><\/span><\/h3>\r\nJede Leistung muss\u00a0<strong>mindestens 3 Stunden<\/strong>\u00a0betragen.","button":"","image_wysiwyg":true,"image":185,"text":"","settings":{"visible":true,"anchor_name":"","spacing_top":"medium","spacing_bottom":"medium"}},{"acf_fc_layout":"accordion","items":[{"title":"Das Gehalt Ihrer Haushaltshilfe von DaHome","description":"","text":"Bei DaHome unterzeichnen unsere Haushaltshilfen einen <strong>echten Arbeitsvertrag<\/strong>\u00a0mit allen\u00a0<strong>gesetzlichen Vorteilen<\/strong>\u00a0(Rente, bezahlter Urlaub, Kranken- und Unfallversicherung, Urlaubsgeld, Arbeitslosenversicherung, \u2026)."},{"title":"Bestellen Sie Ihre Dienstleistungsschecks \u00fcber Pluxee","description":"","text":"<strong>Sie m\u00fcssen sich bei der<span style=\"text-decoration: underline;\">\u00a0<a href=\"https:\/\/dienstencheques.vlaanderen.be\/\">Firma Pluxee<\/a>\u00a0<\/span>anmelden, um das Dienstleistungsscheck-System nutzen zu k\u00f6nnen<\/strong>. Diese Anmeldung ist kostenlos und erm\u00f6glicht Ihnen den Kauf von Dienstleistungsschecks.\r\n\r\n&nbsp;\r\n\r\nNach Ihrer Anmeldung erhalten Sie eine Best\u00e4tigung und Ihre Zugangscodes zur sicheren Website von Pluxee. Bewahren Sie Ihre Codes gut auf, da Sie sie zum Kauf Ihrer Dienstleistungsschecks ben\u00f6tigen. Ihre Anmeldung und Ihre Benutzerdaten werden verwendet, um Ihre Dienstleistungsschecks zu personalisieren und um Ihnen Ihre Steuerbescheinigung zu senden.\r\n\r\n&nbsp;\r\n\r\nSie m\u00fcssen\u00a0<strong>mindestens 10 Dienstleistungsschecks<\/strong>\u00a0bestellen, aber es ist durchaus m\u00f6glich, 12, 23, 37 usw. zu bestellen. Befolgen Sie die Anweisungen auf\u00a0<span style=\"text-decoration: underline;\"><a href=\"http:\/\/www.dienstencheques-vlaanderen.be\/\">www.dienstencheques-vlaanderen.be<\/a>.<\/span> Ihre Dienstleistungsschecks werden innerhalb von 10 Tagen nach Zahlungseingang per Post zugestellt oder Ihrem elektronischen Portemonnaie hinzugef\u00fcgt."},{"title":"Verwenden Sie die elektronischen Dienstleistungsschecks: Es ist einfach und umweltfreundlich!","description":"","text":"<ul>\r\n \t<li><strong>Kein Papierkram<\/strong>\u00a0und keine Handhabung von Schecks mehr<\/li>\r\n \t<li>Kein Risiko mehr, sie zu\u00a0<strong>verlieren<\/strong><\/li>\r\n \t<li>Einfach und automatisch<\/li>\r\n \t<li><strong>Sie erhalten sie schnell<\/strong>\u00a0(am Tag nach Zahlungseingang)<\/li>\r\n \t<li>Sie haben\u00a0<strong>Zugriff auf den Verlauf der Leistungen Ihrer Haushaltshilfe<\/strong><\/li>\r\n \t<li><strong>Weniger Verschwendung<\/strong>: Die \u00e4ltesten elektronischen Dienstleistungsschecks werden zuerst verwendet!<\/li>\r\n<\/ul>\r\n&nbsp;\r\n\r\n<strong>Wie funktionieren die Dienstleistungsschecks?<\/strong>\r\n\r\nWir erfassen die Daten zu den Leistungen Ihrer Haushaltshilfe in einem sicheren Extranet, das Sie nur noch best\u00e4tigen m\u00fcssen. F\u00fcr eine einfache Verwaltung Ihrer elektronischen Dienstleistungsschecks gibt es\u00a0<strong>2 M\u00f6glichkeiten<\/strong>:\r\n<ul>\r\n \t<li>\u00fcber Ihren\u00a0<strong>sicheren Dienstleistungsscheck-Bereich<\/strong><\/li>\r\n \t<li>\u00fcber eine\u00a0<strong>kostenlose mobile App<\/strong>, mit der Sie Ihre Dienstleistungsschecks von Ihrem Smartphone oder Tablet aus verwalten k\u00f6nnen:\u00a0<span style=\"text-decoration: underline;\"><a href=\"https:\/\/dienstencheques.vlaanderen.be\/burger\/mijn-ruimte\/app\/waar-downloaden\">Dienstleistungsschecks von Pluxee<\/a>.<\/span> Mit dieser App k\u00f6nnen Sie Ihren Kontostand \u00fcberpr\u00fcfen, Ihre Leistungen best\u00e4tigen, Ihr Portemonnaie verwalten usw. Praktisch, nicht wahr?<\/li>\r\n<\/ul>\r\n&nbsp;\r\n\r\n<strong>So wechseln Sie zu elektronischen Dienstleistungsschecks \u2013 ganz einfach!<\/strong>\r\n<ul>\r\n \t<li>Benachrichtigen Sie Ihr\u00a0<span style=\"text-decoration: underline;\"><a href=\"https:\/\/dajobs.be\/de\/contact\/\">DaHome JobCenter<\/a>.<\/span><\/li>\r\n \t<li>Gehen Sie zu Ihrem\u00a0<span style=\"text-decoration: underline;\"><a href=\"https:\/\/dienstencheques.vlaanderen.be\/\">sicheren Dienstleistungsscheck-Bereich<\/a>.<\/span><\/li>\r\n \t<li>Klicken Sie auf \u201c<strong>Kontakt<\/strong>\u201d und \u201c<strong>Daten \u00e4ndern<\/strong>\u201c.<\/li>\r\n \t<li>\u00c4ndern Sie das Format, indem Sie auf \u201celektronisch\u201d klicken, und best\u00e4tigen Sie.<\/li>\r\n<\/ul>"},{"title":"Nutzen Sie noch die Papierversion der Dienstleistungsschecks?","description":"","text":"F\u00fcr jede geleistete Arbeitsstunde f\u00fcllen Sie einen Dienstleistungsscheck leserlich in Schwarz oder Dunkelblau aus und unterschreiben ihn. Geben Sie auch das tats\u00e4chliche Datum der Leistungserbringung und die Art der erbrachten T\u00e4tigkeit an (anzukreuzendes Feld).\r\n\r\n&nbsp;\r\n\r\n<strong>Hinweis<\/strong>: Wenn Sie sich f\u00fcr den Papierscheck entscheiden, sind Sie f\u00fcr die \u00dcbergabe des Schecks verantwortlich. Stellen Sie sicher, dass er Ihrem DaHome JobCenter, das Ihre Akte verwaltet, innerhalb einer Woche nach Erbringung der Dienstleistung \u00fcbergeben wird."}],"settings":{"visible":true,"anchor_name":"","spacing_top":"medium","spacing_bottom":"medium"}},{"acf_fc_layout":"two-ctas-illustration","background_image":33,"items":[{"title":"Ich m\u00f6chte Dienstleistungsschecks-Kunde werden","text":"Ich m\u00f6chte Dienstleistungsschecks-Kunde werden Auf der Suche nach einer Haushaltshilfe? Entscheiden Sie sich f\u00fcr die Qualit\u00e4t und Freundlichkeit von DaHome!","button":{"title":"Formular ausf\u00fcllen.","url":"https:\/\/app.dahome.be\/login","target":"_blank"},"image":105}],"settings":{"visible":true,"anchor_name":"","spacing_top":"medium","spacing_bottom":"medium"}}],"cta":{"":null,"background_image":null,"title":"","items":null,"settings":{"visible":true,"anchor_name":"","heading_tag":"h2"}},"settings":{"has_offset":false}},"yoast_head":"<!-- This site is optimized with the Yoast SEO plugin v27.5 - https:\/\/yoast.com\/product\/yoast-seo-wordpress\/ -->\n<title>Flandern - DaHome<\/title>\n<meta name=\"robots\" content=\"index, follow, max-snippet:-1, max-image-preview:large, max-video-preview:-1\" \/>\n<link rel=\"canonical\" href=\"https:\/\/dahome.be\/de\/flandern\/\" \/>\n<meta property=\"og:locale\" content=\"de_DE\" \/>\n<meta property=\"og:type\" content=\"article\" \/>\n<meta property=\"og:title\" content=\"Flandern - DaHome\" \/>\n<meta property=\"og:url\" content=\"https:\/\/dahome.be\/de\/flandern\/\" \/>\n<meta property=\"og:site_name\" content=\"DaHome\" \/>\n<meta property=\"article:modified_time\" content=\"2025-06-30T13:55:09+00:00\" \/>\n<meta name=\"twitter:card\" content=\"summary_large_image\" \/>\n<script type=\"application\/ld+json\" class=\"yoast-schema-graph\">{\"@context\":\"https:\\\/\\\/schema.org\",\"@graph\":[{\"@type\":\"WebPage\",\"@id\":\"https:\\\/\\\/dahome.be\\\/de\\\/flandern\\\/\",\"url\":\"https:\\\/\\\/dahome.be\\\/de\\\/flandern\\\/\",\"name\":\"Flandern - DaHome\",\"isPartOf\":{\"@id\":\"https:\\\/\\\/dahome.lademo.be\\\/#website\"},\"datePublished\":\"2024-05-02T08:16:43+00:00\",\"dateModified\":\"2025-06-30T13:55:09+00:00\",\"breadcrumb\":{\"@id\":\"https:\\\/\\\/dahome.be\\\/de\\\/flandern\\\/#breadcrumb\"},\"inLanguage\":\"de-DE\",\"potentialAction\":[{\"@type\":\"ReadAction\",\"target\":[\"https:\\\/\\\/dahome.be\\\/de\\\/flandern\\\/\"]}]},{\"@type\":\"BreadcrumbList\",\"@id\":\"https:\\\/\\\/dahome.be\\\/de\\\/flandern\\\/#breadcrumb\",\"itemListElement\":[{\"@type\":\"ListItem\",\"position\":1,\"name\":\"Home\",\"item\":\"https:\\\/\\\/dahome.be\\\/de\\\/\"},{\"@type\":\"ListItem\",\"position\":2,\"name\":\"Flandern\"}]},{\"@type\":\"WebSite\",\"@id\":\"https:\\\/\\\/dahome.lademo.be\\\/#website\",\"url\":\"https:\\\/\\\/dahome.lademo.be\\\/\",\"name\":\"DaHome\",\"description\":\"\",\"potentialAction\":[{\"@type\":\"SearchAction\",\"target\":{\"@type\":\"EntryPoint\",\"urlTemplate\":\"https:\\\/\\\/dahome.lademo.be\\\/?s={search_term_string}\"},\"query-input\":{\"@type\":\"PropertyValueSpecification\",\"valueRequired\":true,\"valueName\":\"search_term_string\"}}],\"inLanguage\":\"de-DE\"}]}<\/script>\n<!-- \/ Yoast SEO plugin. -->","yoast_head_json":{"title":"Flandern - DaHome","robots":{"index":"index","follow":"follow","max-snippet":"max-snippet:-1","max-image-preview":"max-image-preview:large","max-video-preview":"max-video-preview:-1"},"canonical":"https:\/\/dahome.be\/de\/flandern\/","og_locale":"de_DE","og_type":"article","og_title":"Flandern - DaHome","og_url":"https:\/\/dahome.be\/de\/flandern\/","og_site_name":"DaHome","article_modified_time":"2025-06-30T13:55:09+00:00","twitter_card":"summary_large_image","schema":{"@context":"https:\/\/schema.org","@graph":[{"@type":"WebPage","@id":"https:\/\/dahome.be\/de\/flandern\/","url":"https:\/\/dahome.be\/de\/flandern\/","name":"Flandern - DaHome","isPartOf":{"@id":"https:\/\/dahome.lademo.be\/#website"},"datePublished":"2024-05-02T08:16:43+00:00","dateModified":"2025-06-30T13:55:09+00:00","breadcrumb":{"@id":"https:\/\/dahome.be\/de\/flandern\/#breadcrumb"},"inLanguage":"de-DE","potentialAction":[{"@type":"ReadAction","target":["https:\/\/dahome.be\/de\/flandern\/"]}]},{"@type":"BreadcrumbList","@id":"https:\/\/dahome.be\/de\/flandern\/#breadcrumb","itemListElement":[{"@type":"ListItem","position":1,"name":"Home","item":"https:\/\/dahome.be\/de\/"},{"@type":"ListItem","position":2,"name":"Flandern"}]},{"@type":"WebSite","@id":"https:\/\/dahome.lademo.be\/#website","url":"https:\/\/dahome.lademo.be\/","name":"DaHome","description":"","potentialAction":[{"@type":"SearchAction","target":{"@type":"EntryPoint","urlTemplate":"https:\/\/dahome.lademo.be\/?s={search_term_string}"},"query-input":{"@type":"PropertyValueSpecification","valueRequired":true,"valueName":"search_term_string"}}],"inLanguage":"de-DE"}]}},"_links":{"self":[{"href":"https:\/\/dahome.be\/de\/wp-json\/wp\/v2\/pages\/1981","targetHints":{"allow":["GET"]}}],"collection":[{"href":"https:\/\/dahome.be\/de\/wp-json\/wp\/v2\/pages"}],"about":[{"href":"https:\/\/dahome.be\/de\/wp-json\/wp\/v2\/types\/page"}],"author":[{"embeddable":true,"href":"https:\/\/dahome.be\/de\/wp-json\/wp\/v2\/users\/2"}],"replies":[{"embeddable":true,"href":"https:\/\/dahome.be\/de\/wp-json\/wp\/v2\/comments?post=1981"}],"version-history":[{"count":7,"href":"https:\/\/dahome.be\/de\/wp-json\/wp\/v2\/pages\/1981\/revisions"}],"predecessor-version":[{"id":3880,"href":"https:\/\/dahome.be\/de\/wp-json\/wp\/v2\/pages\/1981\/revisions\/3880"}],"wp:attachment":[{"href":"https:\/\/dahome.be\/de\/wp-json\/wp\/v2\/media?parent=1981"}],"curies":[{"name":"wp","href":"https:\/\/api.w.org\/{rel}","templated":true}]}}