{"id":1978,"date":"2024-05-02T08:33:30","date_gmt":"2024-05-02T08:33:30","guid":{"rendered":"https:\/\/dahome.be\/brussel\/"},"modified":"2026-01-28T15:47:46","modified_gmt":"2026-01-28T15:47:46","slug":"bruxelles","status":"publish","type":"page","link":"https:\/\/dahome.be\/de\/bruxelles\/","title":{"rendered":"Br\u00fcssel"},"content":{"rendered":"","protected":false},"excerpt":{"rendered":"","protected":false},"author":2,"featured_media":0,"parent":0,"menu_order":0,"comment_status":"closed","ping_status":"closed","template":"","meta":{"_acf_changed":false,"inline_featured_image":false,"footnotes":""},"class_list":["post-1978","page","type-page","status-publish","hentry"],"acf":{"header":{"":null,"image":250,"title":"Alles \u00fcber Dienstleistungsschecks in Br\u00fcssel","text":"","search":false,"settings":{"visible":true,"anchor_name":""}},"sections":[{"acf_fc_layout":"text-image","left_right":false,"left_right_mobile":false,"framed":false,"text_center":false,"wysiwyg":"<h2><span style=\"color: #db2032;\"><strong>Ein Dienstleistungsscheck, was ist das?<\/strong><\/span><\/h2>\r\nEin Dienstleistungsscheck (<em>= Titres-Services<\/em>) ist ein Scheck, den eine Privatperson kauft, um eine Stunde Arbeit zu entlohnen, die von einem Arbeiter in seinem Zuhause geleistet wird.\r\n\r\n&nbsp;\r\n<h3><span style=\"color: #db2032;\">Kosten und Vorteile<\/span><\/h3>\r\n<ul>\r\n \t<li>Die maximale Anzahl von Dienstleistungsschecks, die Sie pro Jahr und pro Person bestellen k\u00f6nnen, betr\u00e4gt\u00a0<strong>500 (1000 pro Haushalt)<\/strong>.<\/li>\r\n \t<li>Der Preis f\u00fcr einen Dienstleistungsscheck betr\u00e4gt <strong>11,40 \u20ac f\u00fcr die ersten 300 pro Person<\/strong> (oder f\u00fcr die ersten 600 pro Familie).<\/li>\r\n \t<li>Der Preis steigt auf\u00a0<strong>14 \u20ac beim Kauf der n\u00e4chsten 200 Dienstleistungsschecks<\/strong>\u00a0pro Benutzer oder Familie.<\/li>\r\n \t<li>Der Steuervorteil wurde von den regionalen Beh\u00f6rden f\u00fcr alle Dienstgutscheine abgeschafft, die ab dem 1. Januar 2026 gekauft werden.<br data-start=\"437\" data-end=\"440\" \/>Die Steuerabz\u00fcge bleiben jedoch f\u00fcr im Jahr 2025 gekaufte Dienstgutscheine vollst\u00e4ndig anwendbar, gem\u00e4\u00df der geltenden Gesetzgebung.<\/li>\r\n<\/ul>\r\n&nbsp;\r\n<h3><span style=\"color: #db2032;\"><strong>Was ist die Rolle von Sodexo\/Pluxee?<\/strong><\/span><\/h3>\r\nUm Dienstleistungsschecks nutzen zu k\u00f6nnen, ist eine\u00a0<strong>kostenlose Registrierung bei der Firma Sodexo\/Pluxee erforderlich<\/strong>, die diesen Service auf nationaler Ebene verwaltet.\r\n\r\n&nbsp;\r\n<h3><span style=\"color: #db2032;\"><strong>Wie lange am Tag?<\/strong><\/span><\/h3>\r\nJede Dienstleistung muss mindestens\u00a0<strong>3 Stunden dauern.<\/strong>","button":"","image_wysiwyg":true,"image":185,"text":"","settings":{"visible":true,"anchor_name":"","spacing_top":"medium","spacing_bottom":"medium"}},{"acf_fc_layout":"accordion","items":[{"title":"Das Gehalt Ihres Haushaltshilfe bei DaHome","description":"","text":"Bei DaHome unterzeichnen unsere Haushaltshilfen einen <strong>echten Arbeitsvertrag<\/strong>\u00a0mit allen\u00a0<strong>gesetzlichen Vorteilen<\/strong>\u00a0(Rente, bezahlter Urlaub, Kranken- und Unfallversicherung, Urlaubsgeld, Arbeitslosenversicherung usw.)."},{"title":"Bestellen Sie Ihre Dienstleistungsschecks \u00fcber Sodexo\/Pluxee","description":"","text":"<strong>Sie m\u00fcssen sich bei der\u00a0<span style=\"text-decoration: underline;\"><a href=\"https:\/\/mijn.dienstencheque.brussels\/register\">Firma Sodexo\/Pluxee<\/a><\/span>\u00a0registrieren, um das Dienstleistungsschecks-System nutzen zu k\u00f6nnen<\/strong>. Diese Registrierung ist\u00a0<strong>kostenlos<\/strong>\u00a0und erm\u00f6glicht es Ihnen,\u00a0<strong>Dienstleistungsschecks zu kaufen<\/strong>.\r\n\r\n&nbsp;\r\n\r\nNach Ihrer Registrierung erhalten Sie eine Best\u00e4tigung und Ihre Zugangscodes zur sicheren Website von Sodexo. Bewahren Sie Ihre Codes gut auf, da Sie sie zum Kauf Ihrer Dienstleistungsschecks ben\u00f6tigen.\r\n\r\n&nbsp;\r\n\r\nPapierdienstgutscheine m\u00fcssen in einer Mindestmenge von 10 Gutscheinen bestellt werden und werden innerhalb von 10 Tagen nach Zahlungseingang per Post geliefert.<br data-start=\"1028\" data-end=\"1031\" \/>Elektronische Dienstgutscheine k\u00f6nnen dagegen einzeln bestellt werden und werden am Tag nach Zahlungseingang Ihrem elektronischen Konto gutgeschrieben.<br data-start=\"1182\" data-end=\"1185\" \/>Alle Anleitungen sind verf\u00fcgbar unter <a class=\"decorated-link\" href=\"http:\/\/www.titresservices.brussels\" target=\"_new\" rel=\"noopener\" data-start=\"1223\" data-end=\"1257\">http:\/\/www.titresservices.brussels<\/a>."},{"title":"Verwenden Sie die elektronischen Dienstleistungsschecks: Es ist einfach und umweltfreundlich!","description":"","text":"<ul>\r\n \t<li><strong>Kein Papierkram<\/strong>\u00a0und keine Handhabung von Schecks mehr<\/li>\r\n \t<li>Kein Risiko mehr, sie zu\u00a0<strong>verlieren<\/strong><\/li>\r\n \t<li>Einfach und automatisch<\/li>\r\n \t<li><strong>Sie erhalten sie schnell<\/strong>\u00a0(am Tag nach Zahlungseingang)<\/li>\r\n \t<li>Sie haben\u00a0<strong>Zugriff auf den Verlauf<\/strong>\u00a0der Leistungen Ihrer Haushaltshilfe<\/li>\r\n \t<li><strong>Weniger Verschwendung<\/strong>: Die \u00e4ltesten elektronischen Dienstleistungsschecks werden zuerst verwendet!<\/li>\r\n \t<li>Sie k\u00f6nnen diese <strong>einzeln bestellen<\/strong>, im Gegensatz zu Papiergutscheinen, die in Losen von mindestens 10 St\u00fcck bestellt werden m\u00fcssen.<\/li>\r\n<\/ul>\r\n&nbsp;\r\n\r\n<strong>Wie funktionieren die Dienstleistungsschecks?<\/strong>\r\n\r\nWir erfassen die Daten zu den Leistungen Ihrer Haushaltshilfe in einem\u00a0<strong>sicheren Extranet<\/strong>, das Sie nur noch best\u00e4tigen m\u00fcssen. F\u00fcr eine einfache Verwaltung Ihrer elektronischen Dienstleistungsschecks gibt es<strong>\u00a02 M\u00f6glichkeiten<\/strong>:\r\n<ul>\r\n \t<li>\u00fcber Ihren\u00a0<strong>sicheren Dienstleistungsscheck-Bereich<\/strong><\/li>\r\n \t<li>\u00fcber eine\u00a0<strong>kostenlose mobile App<\/strong>, mit der Sie Ihre Dienstleistungsschecks von Ihrem Smartphone oder Tablet aus verwalten k\u00f6nnen:\u00a0<a href=\"https:\/\/www.titre-service.brussels\/citoyen\/mon-espace\/app\/ou-telecharger\"><span style=\"text-decoration: underline;\">Dienstleistungsschecks von Sodexo\/Pluxee<\/span><\/a>. Mit dieser App k\u00f6nnen Sie Ihren Kontostand \u00fcberpr\u00fcfen, Ihre Leistungen best\u00e4tigen, Ihr Portemonnaie verwalten usw. Praktisch, nicht wahr?<\/li>\r\n<\/ul>\r\n&nbsp;\r\n\r\n<strong>So wechseln Sie zu elektronischen Dienstleistungsschecks \u2013 ganz einfach!<\/strong>\r\n<ul>\r\n \t<li>Benachrichtigen Sie Ihr\u00a0<span style=\"text-decoration: underline;\"><a href=\"https:\/\/dajobs.be\/de\/contact\/\">DaHome JobCenter<\/a>.<\/span><\/li>\r\n \t<li>Gehen Sie zu Ihrem\u00a0<span style=\"text-decoration: underline;\"><a href=\"https:\/\/extranet.titresservices.brussels\/Home\/LogIn?ReturnUrl=%2fCustomer%2fOrderReservation%3f_ga%3d2.64266415.1262669729.1552488693-2043310861.1544433183&amp;_ga=2.64266415.1262669729.1552488693-2043310861.1544433183\">sicheren Titelservice-Bereich<\/a>.<\/span><\/li>\r\n \t<li>Klicken Sie auf \u201c<strong>Kontakt<\/strong>\u201d und \u201c<strong>Daten \u00e4ndern<\/strong>\u201c.<\/li>\r\n \t<li>\u00c4ndern Sie das Format, indem Sie auf \u201c<strong>elektronisch<\/strong>\u201d klicken, und best\u00e4tigen Sie<\/li>\r\n<\/ul>"},{"title":"Nutzen Sie noch die Papierversion der Dienstleistungsschecks?","description":"","text":"F\u00fcr jede geleistete Arbeitsstunde f\u00fcllen Sie einen Dienstleistungsscheck leserlich in Schwarz oder Dunkelblau aus und unterschreiben ihn. Geben Sie auch das tats\u00e4chliche Datum der Leistungserbringung und die Art der erbrachten T\u00e4tigkeit an (anzukreuzendes Feld).\r\n\r\n&nbsp;\r\n\r\n<strong>Hinweis<\/strong>: Wenn Sie sich f\u00fcr den Papierscheck entscheiden, sind Sie f\u00fcr die \u00dcbergabe des Schecks verantwortlich. Stellen Sie sicher, dass er Ihrem DaHome JobCenter, das Ihre Akte verwaltet, innerhalb einer Woche nach Erbringung der Dienstleistung \u00fcbergeben wird."}],"settings":{"visible":true,"anchor_name":"","spacing_top":"medium","spacing_bottom":"medium"}},{"acf_fc_layout":"two-ctas-illustration","background_image":33,"items":[{"title":"Ich m\u00f6chte Dienstleistungsschecks-Kunde werden","text":"Ich m\u00f6chte Dienstleistungsschecks-Kunde werden Auf der Suche nach einer Haushaltshilfe? Entscheiden Sie sich f\u00fcr die Qualit\u00e4t und Freundlichkeit von DaHome!","button":{"title":"Formular ausf\u00fcllen.","url":"https:\/\/app.dahome.be\/login","target":"_blank"},"image":105}],"settings":{"visible":true,"anchor_name":"","spacing_top":"medium","spacing_bottom":"medium"}}],"cta":{"":null,"background_image":null,"title":"","items":null,"settings":{"visible":true,"anchor_name":"","heading_tag":"h2"}},"settings":{"has_offset":false}},"yoast_head":"<!-- This site is optimized with the Yoast SEO plugin v26.7 - https:\/\/yoast.com\/wordpress\/plugins\/seo\/ -->\n<title>Br\u00fcssel - DaHome<\/title>\n<meta name=\"robots\" content=\"index, follow, max-snippet:-1, max-image-preview:large, max-video-preview:-1\" \/>\n<link rel=\"canonical\" href=\"https:\/\/dahome.be\/de\/bruxelles\/\" \/>\n<meta property=\"og:locale\" content=\"de_DE\" \/>\n<meta property=\"og:type\" content=\"article\" \/>\n<meta property=\"og:title\" content=\"Br\u00fcssel - DaHome\" \/>\n<meta property=\"og:url\" content=\"https:\/\/dahome.be\/de\/bruxelles\/\" \/>\n<meta property=\"og:site_name\" content=\"DaHome\" \/>\n<meta property=\"article:modified_time\" content=\"2026-01-28T15:47:46+00:00\" \/>\n<meta name=\"twitter:card\" content=\"summary_large_image\" \/>\n<meta name=\"twitter:label1\" content=\"Est. reading time\" \/>\n\t<meta name=\"twitter:data1\" content=\"4 minutes\" \/>\n<script type=\"application\/ld+json\" class=\"yoast-schema-graph\">{\"@context\":\"https:\/\/schema.org\",\"@graph\":[{\"@type\":\"WebPage\",\"@id\":\"https:\/\/dahome.be\/de\/bruxelles\/\",\"url\":\"https:\/\/dahome.be\/de\/bruxelles\/\",\"name\":\"Br\u00fcssel - DaHome\",\"isPartOf\":{\"@id\":\"https:\/\/dahome.lademo.be\/#website\"},\"datePublished\":\"2024-05-02T08:33:30+00:00\",\"dateModified\":\"2026-01-28T15:47:46+00:00\",\"breadcrumb\":{\"@id\":\"https:\/\/dahome.be\/de\/bruxelles\/#breadcrumb\"},\"inLanguage\":\"de-DE\",\"potentialAction\":[{\"@type\":\"ReadAction\",\"target\":[\"https:\/\/dahome.be\/de\/bruxelles\/\"]}]},{\"@type\":\"BreadcrumbList\",\"@id\":\"https:\/\/dahome.be\/de\/bruxelles\/#breadcrumb\",\"itemListElement\":[{\"@type\":\"ListItem\",\"position\":1,\"name\":\"Home\",\"item\":\"https:\/\/dahome.be\/de\/\"},{\"@type\":\"ListItem\",\"position\":2,\"name\":\"Br\u00fcssel\"}]},{\"@type\":\"WebSite\",\"@id\":\"https:\/\/dahome.lademo.be\/#website\",\"url\":\"https:\/\/dahome.lademo.be\/\",\"name\":\"DaHome\",\"description\":\"\",\"potentialAction\":[{\"@type\":\"SearchAction\",\"target\":{\"@type\":\"EntryPoint\",\"urlTemplate\":\"https:\/\/dahome.lademo.be\/?s={search_term_string}\"},\"query-input\":{\"@type\":\"PropertyValueSpecification\",\"valueRequired\":true,\"valueName\":\"search_term_string\"}}],\"inLanguage\":\"de-DE\"}]}<\/script>\n<!-- \/ Yoast SEO plugin. -->","yoast_head_json":{"title":"Br\u00fcssel - DaHome","robots":{"index":"index","follow":"follow","max-snippet":"max-snippet:-1","max-image-preview":"max-image-preview:large","max-video-preview":"max-video-preview:-1"},"canonical":"https:\/\/dahome.be\/de\/bruxelles\/","og_locale":"de_DE","og_type":"article","og_title":"Br\u00fcssel - DaHome","og_url":"https:\/\/dahome.be\/de\/bruxelles\/","og_site_name":"DaHome","article_modified_time":"2026-01-28T15:47:46+00:00","twitter_card":"summary_large_image","twitter_misc":{"Est. reading time":"4 minutes"},"schema":{"@context":"https:\/\/schema.org","@graph":[{"@type":"WebPage","@id":"https:\/\/dahome.be\/de\/bruxelles\/","url":"https:\/\/dahome.be\/de\/bruxelles\/","name":"Br\u00fcssel - DaHome","isPartOf":{"@id":"https:\/\/dahome.lademo.be\/#website"},"datePublished":"2024-05-02T08:33:30+00:00","dateModified":"2026-01-28T15:47:46+00:00","breadcrumb":{"@id":"https:\/\/dahome.be\/de\/bruxelles\/#breadcrumb"},"inLanguage":"de-DE","potentialAction":[{"@type":"ReadAction","target":["https:\/\/dahome.be\/de\/bruxelles\/"]}]},{"@type":"BreadcrumbList","@id":"https:\/\/dahome.be\/de\/bruxelles\/#breadcrumb","itemListElement":[{"@type":"ListItem","position":1,"name":"Home","item":"https:\/\/dahome.be\/de\/"},{"@type":"ListItem","position":2,"name":"Br\u00fcssel"}]},{"@type":"WebSite","@id":"https:\/\/dahome.lademo.be\/#website","url":"https:\/\/dahome.lademo.be\/","name":"DaHome","description":"","potentialAction":[{"@type":"SearchAction","target":{"@type":"EntryPoint","urlTemplate":"https:\/\/dahome.lademo.be\/?s={search_term_string}"},"query-input":{"@type":"PropertyValueSpecification","valueRequired":true,"valueName":"search_term_string"}}],"inLanguage":"de-DE"}]}},"_links":{"self":[{"href":"https:\/\/dahome.be\/de\/wp-json\/wp\/v2\/pages\/1978","targetHints":{"allow":["GET"]}}],"collection":[{"href":"https:\/\/dahome.be\/de\/wp-json\/wp\/v2\/pages"}],"about":[{"href":"https:\/\/dahome.be\/de\/wp-json\/wp\/v2\/types\/page"}],"author":[{"embeddable":true,"href":"https:\/\/dahome.be\/de\/wp-json\/wp\/v2\/users\/2"}],"replies":[{"embeddable":true,"href":"https:\/\/dahome.be\/de\/wp-json\/wp\/v2\/comments?post=1978"}],"version-history":[{"count":5,"href":"https:\/\/dahome.be\/de\/wp-json\/wp\/v2\/pages\/1978\/revisions"}],"predecessor-version":[{"id":4574,"href":"https:\/\/dahome.be\/de\/wp-json\/wp\/v2\/pages\/1978\/revisions\/4574"}],"wp:attachment":[{"href":"https:\/\/dahome.be\/de\/wp-json\/wp\/v2\/media?parent=1978"}],"curies":[{"name":"wp","href":"https:\/\/api.w.org\/{rel}","templated":true}]}}