{"id":1974,"date":"2024-05-02T08:43:00","date_gmt":"2024-05-02T08:43:00","guid":{"rendered":"https:\/\/dahome.be\/wallonie\/"},"modified":"2026-01-29T10:11:56","modified_gmt":"2026-01-29T10:11:56","slug":"wallonie","status":"publish","type":"page","link":"https:\/\/dahome.be\/de\/wallonie\/","title":{"rendered":"Walloni\u00eb DCH"},"content":{"rendered":"","protected":false},"excerpt":{"rendered":"","protected":false},"author":2,"featured_media":0,"parent":0,"menu_order":0,"comment_status":"closed","ping_status":"closed","template":"","meta":{"_acf_changed":false,"inline_featured_image":false,"footnotes":""},"class_list":["post-1974","page","type-page","status-publish","hentry"],"acf":{"header":{"":null,"image":250,"title":"Alles \u00fcber Dienstleistungsschecks in Wallonien","text":"","search":false,"settings":{"visible":true,"anchor_name":""}},"sections":[{"acf_fc_layout":"text-image","left_right":false,"left_right_mobile":false,"framed":false,"text_center":false,"wysiwyg":"<h2><span style=\"color: #db2032;\"><strong>Ein Dienstleistungsscheck, was ist das?<\/strong><\/span><\/h2>\r\nEin Dienstleistungsscheck ist ein von einem Privatperson gekaufter Gutschein, um eine Stunde Arbeit eines Arbeitnehmers in seinem Zuhause zu entlohnen.\r\n\r\n&nbsp;\r\n<h3><span style=\"color: #db2032;\">Dienstleistungsschecks kaufen: Kosten und Vorteile.<\/span><\/h3>\r\n<ul>\r\n \t<li>Die maximale Anzahl von Dienstleistungsschecks, die Sie pro Jahr und\u00a0<strong>Person bestellen k\u00f6nnen, betr\u00e4gt 500 (1000 pro Haushalt)<\/strong>.<\/li>\r\n \t<li>Der Preis eines Dienstleistungsschecks betr\u00e4gt\u00a0<strong>\u20ac 10,40<\/strong>\u00a0f\u00fcr die ersten 175, die pro Person bestellt werden (oder \u20ac 10 f\u00fcr die ersten 350, die pro Familie bestellt werden).<\/li>\r\n \t<li>Der Preis\u00a0<strong>steigt auf \u20ac 11,40<\/strong>\u00a0beim Kauf des 176. bis 400. Dienstleistungsschecks f\u00fcr einzelne Benutzer oder f\u00fcr den 351. bis 800. Dienstleistungsschecks f\u00fcr Familien.<\/li>\r\n \t<li>Sie erhalten eine Steuererm\u00e4\u00dfigung f\u00fcr Ihre Dienstleistungsschecks. Eine Dienstleistung eines DaHome-Haushaltshilfe kostet Sie nur <strong>9,36 \u20ac* pro Stunde<\/strong>\u00a0(f\u00fcr die Bestellung der ersten 150 Dienstleistungsschecks in der Wallonie).<\/li>\r\n<\/ul>\r\n*Preissimulation und steuerliche Angaben sind unverbindlich und dienen nur zur Orientierung, ohne Verpflichtung seitens DaHome.\r\n\r\n<a href=\"https:\/\/dienstleistungsschecks.wallonie.be\/\">Weitere Informationen und vollst\u00e4ndige Gesetzgebung?<\/a>\r\n\r\n&nbsp;\r\n<h3><span style=\"color: #db2032;\"><strong>Welche Rolle spielt Pluxee?<\/strong><\/span><\/h3>\r\nUm Dienstleistungsschecks nutzen zu k\u00f6nnen, ist eine\u00a0<strong>kostenlose Registrierung bei der Firma Pluxee erforderlich<\/strong>, die diesen Service auf nationaler Ebene verwaltet.\r\n\r\n&nbsp;\r\n<h3><span style=\"color: #db2032;\"><strong>Wie viel Zeit pro Tag?<\/strong><\/span><\/h3>\r\nJede Dienstleistung muss\u00a0<strong>mindestens 3 Stunden dauern<\/strong>.","button":"","image_wysiwyg":true,"image":185,"text":"","settings":{"visible":true,"anchor_name":"","spacing_top":"medium","spacing_bottom":"medium"}},{"acf_fc_layout":"accordion","items":[{"title":"Das Gehalt Ihres DaHome Dienstleistungsschecks-Haushaltshilfe","description":"","text":"Bei DaHome unterzeichnen unsere Haushaltshilfen einen <strong>echten Arbeitsvertrag<\/strong>\u00a0mit allen\u00a0<strong>gesetzlichen Vorteilen<\/strong>\u00a0(Rente, bezahlter Urlaub, Kranken- und Unfallversicherung, Urlaubsgeld, Arbeitslosigkeit usw.)."},{"title":"Bestellen Sie Ihre Dienstleistungsschecks \u00fcber Pluxee","description":"","text":"<strong>Um das System der Dienstleistungsschecks nutzen zu k\u00f6nnen, m\u00fcssen Sie sich bei der\u00a0<span style=\"text-decoration: underline;\"><a href=\"https:\/\/mes.titres-services.wallonie.be\/register\">Firma Pluxee<\/a><\/span>\u00a0registrieren<\/strong>. Diese Registrierung ist\u00a0<strong>kostenlos<\/strong>\u00a0und erm\u00f6glicht es Ihnen,\u00a0<strong>Dienstleistungsschecks zu kaufen<\/strong>.\r\n\r\n&nbsp;\r\n\r\nNach Ihrer Registrierung erhalten Sie eine Best\u00e4tigung und Ihre Zugangsdaten zur sicheren Website von Sodexo. Bewahren Sie diese gut auf, da Sie sie zum Kauf Ihrer Dienstleistungsschecks ben\u00f6tigen. Ihre Registrierung und Ihre Benutzerkennung werden verwendet, um Ihre Dienstleistungsschecks zu personalisieren, aber auch um Ihnen Ihre Steuerbescheinigung zuzusenden. Folgen Sie den Anweisungen auf <span style=\"text-decoration: underline;\"><a href=\"https:\/\/dienstleistungsschecks.wallonie.be\/\">www.dienstleistungsschecks.wallonie.be\/<\/a><\/span>"},{"title":"Verwenden Sie elektronische Dienstleistungsschecks: Es ist einfach und umweltfreundlich!","description":"","text":"<ul>\r\n \t<li><strong>Kein Papierkram<\/strong>\u00a0und kein Umgang mit Schecks mehr<\/li>\r\n \t<li>Kein Risiko mehr, sie zu\u00a0<strong>verlieren<\/strong><\/li>\r\n \t<li>Einfach und automatisch<\/li>\r\n \t<li><strong>Sie erhalten sie schnell<\/strong>\u00a0(am Tag nach Eingang Ihrer Zahlung)<\/li>\r\n \t<li>Sie haben Zugriff auf das\u00a0<strong>Leistungsverzeichnis<\/strong>\u00a0Ihres Hausangestellten<\/li>\r\n \t<li><strong>Weniger Verschwendung<\/strong>: Die \u00e4ltesten elektronischen Dienstleistungsschecks werden zuerst verwendet!<\/li>\r\n<\/ul>\r\n&nbsp;\r\n\r\n<strong>Wie funktionieren die Dienstleistungsschecks?<\/strong>\r\n\r\nIhr Berater oder Ihre Beraterin gibt die Daten zu den Leistungen Ihres Hausangestellten im Bereich der Dienstleistungsschecks in einem sicheren Extranet ein, das Sie anschlie\u00dfend nur noch best\u00e4tigen m\u00fcssen.\r\n\r\nF\u00fcr eine einfache Verwaltung Ihrer elektronischen Dienstleistungsschecks gibt es\u00a0<strong>zwei M\u00f6glichkeiten<\/strong>:\r\n<ul>\r\n \t<li>\u00dcber Ihr pers\u00f6nliches\u00a0<strong>sicheres Bereich<\/strong>\u00a0f\u00fcr Dienstleistungsschecks:\u00a0<span style=\"text-decoration: underline;\"><a href=\"https:\/\/dienstleistungsschecks.wallonie.be\/\">https:\/\/dienstleistungsschecks.wallonie.be\/<\/a><\/span><\/li>\r\n \t<li>\u00dcber eine\u00a0<strong>kostenlose mobile App<\/strong>, mit der Sie Ihre Dienstleistungsschecks von Ihrem Smartphone oder Tablet aus verwalten k\u00f6nnen:\u00a0<span style=\"text-decoration: underline;\"><a href=\"https:\/\/dienstleistungsschecks.wallonie.be\/burger\/mein-bereich\/app\/wo-herunterladen\">Dienstleistungsschecks by Pluxee<\/a>.<\/span> Mit dieser App k\u00f6nnen Sie Ihren Kontostand \u00fcberpr\u00fcfen, Ihre Leistungen best\u00e4tigen, Ihr Portemonnaie verwalten usw. Praktisch, oder?<\/li>\r\n<\/ul>\r\n&nbsp;\r\n\r\n<strong>Wie wechsle ich zu elektronischen Dienstleistungsschecks? Es ist ganz einfach!<\/strong>\r\n<ul>\r\n \t<li>Benachrichtigen Sie Ihr\u00a0<span style=\"text-decoration: underline;\"><a href=\"https:\/\/dajobs.be\/de\/contact\/\">DaHome JobCenter<\/a>.<\/span><\/li>\r\n \t<li>Gehen Sie zu Ihrem\u00a0<span style=\"text-decoration: underline;\"><a href=\"https:\/\/soeasy.sodexo.be\/servicevouchers?\">sicheren Bereich<\/a>.<\/span><\/li>\r\n \t<li>Klicken Sie auf \u201c<strong>Kontaktinformationen<\/strong>\u201d und dann auf \u201c<strong>Daten \u00e4ndern\u201d.<\/strong><\/li>\r\n \t<li>\u00c4ndern Sie das Medium, indem Sie auf \u201c<strong>elektronisch<\/strong>\u201d klicken, und best\u00e4tigen Sie.<\/li>\r\n<\/ul>"},{"title":"Sie verwenden Papier-Dienstleistungsschecks?","description":"","text":"F\u00fcr jede geleistete Arbeitsstunde f\u00fcllen Sie einen Titelservice klar lesbar in Schwarz oder Dunkelblau aus und unterschreiben ihn. Sie geben auch das tats\u00e4chliche Datum der Leistungserbringung und die Art der erbrachten T\u00e4tigkeit an (anzukreuzendes Feld).\r\n\r\n&nbsp;\r\n\r\n<strong>Achtung<\/strong>: Wenn Sie sich f\u00fcr den Papiertitelservice entscheiden, sind Sie f\u00fcr die Weitergabe des Titels verantwortlich. Sie m\u00fcssen daher sicherstellen, dass er innerhalb einer Woche nach der Leistung Ihres Haushaltshilfe bei Ihrem DaHome-Jobcenter abgegeben wird."}],"settings":{"visible":true,"anchor_name":"","spacing_top":"medium","spacing_bottom":"medium"}},{"acf_fc_layout":"two-ctas-illustration","background_image":33,"items":[{"title":"Ich m\u00f6chte Dienstleistungsschecks-Kunde werden","text":"Auf der Suche nach einer Haushaltshilfe? Entscheiden Sie sich f\u00fcr Qualit\u00e4t und Freundlichkeit mit DaHome Dienstleistungsschecks!","button":{"title":"Formular ausf\u00fcllen.","url":"https:\/\/app.dahome.be\/login","target":"_blank"},"image":105}],"settings":{"visible":true,"anchor_name":"","spacing_top":"medium","spacing_bottom":"medium"}}],"cta":{"":null,"background_image":null,"title":"","items":null,"settings":{"visible":true,"anchor_name":"","heading_tag":"h2"}},"settings":{"has_offset":false}},"yoast_head":"<!-- This site is optimized with the Yoast SEO plugin v26.7 - https:\/\/yoast.com\/wordpress\/plugins\/seo\/ -->\n<title>Walloni\u00eb DCH - DaHome<\/title>\n<meta name=\"robots\" content=\"index, follow, max-snippet:-1, max-image-preview:large, max-video-preview:-1\" \/>\n<link rel=\"canonical\" href=\"https:\/\/dahome.be\/de\/wallonie\/\" \/>\n<meta property=\"og:locale\" content=\"de_DE\" \/>\n<meta property=\"og:type\" content=\"article\" \/>\n<meta property=\"og:title\" content=\"Walloni\u00eb DCH - DaHome\" \/>\n<meta property=\"og:url\" content=\"https:\/\/dahome.be\/de\/wallonie\/\" \/>\n<meta property=\"og:site_name\" content=\"DaHome\" \/>\n<meta property=\"article:modified_time\" content=\"2026-01-29T10:11:56+00:00\" \/>\n<meta name=\"twitter:card\" content=\"summary_large_image\" \/>\n<meta name=\"twitter:label1\" content=\"Est. reading time\" \/>\n\t<meta name=\"twitter:data1\" content=\"4 minutes\" \/>\n<script type=\"application\/ld+json\" class=\"yoast-schema-graph\">{\"@context\":\"https:\/\/schema.org\",\"@graph\":[{\"@type\":\"WebPage\",\"@id\":\"https:\/\/dahome.be\/de\/wallonie\/\",\"url\":\"https:\/\/dahome.be\/de\/wallonie\/\",\"name\":\"Walloni\u00eb DCH - DaHome\",\"isPartOf\":{\"@id\":\"https:\/\/dahome.lademo.be\/#website\"},\"datePublished\":\"2024-05-02T08:43:00+00:00\",\"dateModified\":\"2026-01-29T10:11:56+00:00\",\"breadcrumb\":{\"@id\":\"https:\/\/dahome.be\/de\/wallonie\/#breadcrumb\"},\"inLanguage\":\"de-DE\",\"potentialAction\":[{\"@type\":\"ReadAction\",\"target\":[\"https:\/\/dahome.be\/de\/wallonie\/\"]}]},{\"@type\":\"BreadcrumbList\",\"@id\":\"https:\/\/dahome.be\/de\/wallonie\/#breadcrumb\",\"itemListElement\":[{\"@type\":\"ListItem\",\"position\":1,\"name\":\"Home\",\"item\":\"https:\/\/dahome.be\/de\/\"},{\"@type\":\"ListItem\",\"position\":2,\"name\":\"Walloni\u00eb DCH\"}]},{\"@type\":\"WebSite\",\"@id\":\"https:\/\/dahome.lademo.be\/#website\",\"url\":\"https:\/\/dahome.lademo.be\/\",\"name\":\"DaHome\",\"description\":\"\",\"potentialAction\":[{\"@type\":\"SearchAction\",\"target\":{\"@type\":\"EntryPoint\",\"urlTemplate\":\"https:\/\/dahome.lademo.be\/?s={search_term_string}\"},\"query-input\":{\"@type\":\"PropertyValueSpecification\",\"valueRequired\":true,\"valueName\":\"search_term_string\"}}],\"inLanguage\":\"de-DE\"}]}<\/script>\n<!-- \/ Yoast SEO plugin. -->","yoast_head_json":{"title":"Walloni\u00eb DCH - DaHome","robots":{"index":"index","follow":"follow","max-snippet":"max-snippet:-1","max-image-preview":"max-image-preview:large","max-video-preview":"max-video-preview:-1"},"canonical":"https:\/\/dahome.be\/de\/wallonie\/","og_locale":"de_DE","og_type":"article","og_title":"Walloni\u00eb DCH - DaHome","og_url":"https:\/\/dahome.be\/de\/wallonie\/","og_site_name":"DaHome","article_modified_time":"2026-01-29T10:11:56+00:00","twitter_card":"summary_large_image","twitter_misc":{"Est. reading time":"4 minutes"},"schema":{"@context":"https:\/\/schema.org","@graph":[{"@type":"WebPage","@id":"https:\/\/dahome.be\/de\/wallonie\/","url":"https:\/\/dahome.be\/de\/wallonie\/","name":"Walloni\u00eb DCH - DaHome","isPartOf":{"@id":"https:\/\/dahome.lademo.be\/#website"},"datePublished":"2024-05-02T08:43:00+00:00","dateModified":"2026-01-29T10:11:56+00:00","breadcrumb":{"@id":"https:\/\/dahome.be\/de\/wallonie\/#breadcrumb"},"inLanguage":"de-DE","potentialAction":[{"@type":"ReadAction","target":["https:\/\/dahome.be\/de\/wallonie\/"]}]},{"@type":"BreadcrumbList","@id":"https:\/\/dahome.be\/de\/wallonie\/#breadcrumb","itemListElement":[{"@type":"ListItem","position":1,"name":"Home","item":"https:\/\/dahome.be\/de\/"},{"@type":"ListItem","position":2,"name":"Walloni\u00eb DCH"}]},{"@type":"WebSite","@id":"https:\/\/dahome.lademo.be\/#website","url":"https:\/\/dahome.lademo.be\/","name":"DaHome","description":"","potentialAction":[{"@type":"SearchAction","target":{"@type":"EntryPoint","urlTemplate":"https:\/\/dahome.lademo.be\/?s={search_term_string}"},"query-input":{"@type":"PropertyValueSpecification","valueRequired":true,"valueName":"search_term_string"}}],"inLanguage":"de-DE"}]}},"_links":{"self":[{"href":"https:\/\/dahome.be\/de\/wp-json\/wp\/v2\/pages\/1974","targetHints":{"allow":["GET"]}}],"collection":[{"href":"https:\/\/dahome.be\/de\/wp-json\/wp\/v2\/pages"}],"about":[{"href":"https:\/\/dahome.be\/de\/wp-json\/wp\/v2\/types\/page"}],"author":[{"embeddable":true,"href":"https:\/\/dahome.be\/de\/wp-json\/wp\/v2\/users\/2"}],"replies":[{"embeddable":true,"href":"https:\/\/dahome.be\/de\/wp-json\/wp\/v2\/comments?post=1974"}],"version-history":[{"count":8,"href":"https:\/\/dahome.be\/de\/wp-json\/wp\/v2\/pages\/1974\/revisions"}],"predecessor-version":[{"id":4580,"href":"https:\/\/dahome.be\/de\/wp-json\/wp\/v2\/pages\/1974\/revisions\/4580"}],"wp:attachment":[{"href":"https:\/\/dahome.be\/de\/wp-json\/wp\/v2\/media?parent=1974"}],"curies":[{"name":"wp","href":"https:\/\/api.w.org\/{rel}","templated":true}]}}