{"id":1849,"date":"2024-04-03T08:35:32","date_gmt":"2024-04-03T08:35:32","guid":{"rendered":"https:\/\/dahome.be\/safety-klant\/"},"modified":"2026-03-27T13:12:57","modified_gmt":"2026-03-27T13:12:57","slug":"safety-kunde","status":"publish","type":"page","link":"https:\/\/dahome.be\/de\/safety-kunde\/","title":{"rendered":"Safety Kunde"},"content":{"rendered":"","protected":false},"excerpt":{"rendered":"","protected":false},"author":2,"featured_media":0,"parent":0,"menu_order":0,"comment_status":"closed","ping_status":"closed","template":"","meta":{"_acf_changed":false,"inline_featured_image":false,"footnotes":""},"class_list":["post-1849","page","type-page","status-publish","hentry"],"acf":{"header":{"":null,"image":250,"title":"N\u00fctzliche Sicherheitsinformationen!","text":"","search":false,"settings":{"visible":true,"anchor_name":""}},"sections":[{"acf_fc_layout":"text-image","left_right":false,"left_right_mobile":false,"framed":false,"text_center":false,"wysiwyg":"<h2><span style=\"color: #db2032;\">Sicherheit geht vor: Unsere Sicherheitsdatenbl\u00e4tter<\/span><\/h2>\r\n&nbsp;\r\n\r\nBei DaHome bem\u00fchen wir uns nicht nur, qualitativ hochwertige Dienstleistungen anzubieten, sondern auch die Sicherheit und das Wohlergehen unserer Kunden sowie unserer Haushaltshilfen zu gew\u00e4hrleisten. Aus diesem Grund m\u00f6chten wir Sie \u00fcber einen wichtigen Aspekt unseres Services informieren: <strong>die Sicherheitsdatenbl\u00e4tter.<\/strong>\r\n\r\n&nbsp;\r\n\r\n<strong><span style=\"color: #db2032;\">Gemeinsam streben wir eine saubere und sichere h\u00e4usliche Umgebung f\u00fcr Sie und unsere Haushaltshilfen an.<\/span><\/strong>\r\n\r\n&nbsp;\r\n<p data-start=\"0\" data-end=\"56\"><span style=\"color: #db2032;\"><strong data-start=\"0\" data-end=\"54\">Notfall ?<\/strong><\/span><\/p>\r\n<p data-start=\"58\" data-end=\"184\">Im Falle eines Notfalls sind wir da, um Ihnen schnell und effizient zu helfen! Kontaktieren Sie<\/p>\r\n\r\n<ul>\r\n \t<li data-start=\"58\" data-end=\"184\">Ihr Jobcenter w\u00e4hrend der \u00d6ffnungszeiten<\/li>\r\n \t<li data-start=\"58\" data-end=\"184\">Oder unter der Nummer <strong><a href=\"tel:02\/887.71.31\">02\/887.71.31<\/a><\/strong>, wenn das Jobcenter geschlossen ist.<\/li>\r\n<\/ul>","button":"","image_wysiwyg":true,"image":1301,"text":"","settings":{"visible":true,"anchor_name":"","spacing_top":"medium","spacing_bottom":"medium"}},{"acf_fc_layout":"accordion","items":[{"title":"In welchen Notf\u00e4llen sollten Sie sich an Ihr Jobcenter oder unseren Bereitschaftsdienst wenden? ","description":"","text":"<strong>Notf\u00e4lle:<\/strong>\r\n\u2022 Ihre Haushaltshilfe hat sich bei Ihnen zu Hause verletzt (Arbeitsunfall) und bittet Sie, uns zu benachrichtigen.\r\n\u2022 Ihre Haushaltshilfe erscheint nicht zur Erbringung ihrer Dienstleistung.\r\n\u2022 ODER Sie haben einen kurzfristigen Notfall und m\u00fcssen die Dienstleistung Ihrer Haushaltshilfe absagen (die Dienstleistung kann nicht begonnen werden)."},{"title":"Organisation der Einweisung","description":"","text":"Bei der Einweisung ist es von entscheidender Bedeutung, dass Sie Ihrer Haushaltshilfe klare Anweisungen zu den Aufgaben im Haushalt und den Sicherheitsvorkehrungen in Ihrem Haus geben. Verwenden Sie <strong><a href=\"https:\/\/dahome.be\/app\/uploads\/2026\/03\/12.-2026-03-fiche-arbeitsorganisation-all-ok.pdf\" target=\"_blank\" rel=\"noopener\"><span style=\"text-decoration: underline;\">diese Checkliste<\/span><\/a><\/strong>, um einen vollst\u00e4ndigen Rundgang zu machen und auf m\u00f6gliche Risiken hinzuweisen."},{"title":"Arbeitsmaterialien, die von der Haushaltshilfe verwendet werden sollen","description":"","text":"Erhalten Sie <span style=\"text-decoration: underline;\"><strong><a href=\"https:\/\/dahome.be\/app\/uploads\/2026\/03\/2026-02-fiche-organisation-des-empfangs-all-def.pdf\" target=\"_blank\" rel=\"noopener\">praktische Tipps<\/a><\/strong><\/span> und Informationen \u00fcber Arbeitsmaterialien, um den Arbeitsplatz ergonomischer zu gestalten, sodass Ihre Haushaltshilfe komfortabler und effizienter arbeiten kann."},{"title":"Arbeiten mit Reinigungsmitteln","description":"","text":"Entdecken Sie <strong><a href=\"https:\/\/dahome.be\/app\/uploads\/2026\/03\/2a.-2026-02-onepagesafety-agentschimiques-clients-de.pdf\"><span style=\"text-decoration: underline;\">hier<\/span><\/a><\/strong> die allgemeinen Richtlinien f\u00fcr die sichere Verwendung von Reinigungsmitteln sowie Informationen zu Produkten, die sicher sind und solchen, die strengstens verboten sind. Sie <strong><span style=\"text-decoration: underline;\"><a href=\"https:\/\/dahome.be\/app\/uploads\/2026\/03\/2b.-2026-02-empfohlene-reinigungsprodukte-de-1.pdf\">hier<\/a><\/span><\/strong> finden auch einige empfohlene Reinigungsmittel."},{"title":"Umgang der Haushaltshilfe mit Ihrem Haustier","description":"","text":"Wenn es um den Umgang mit Haustieren in Ihrem Haushalt geht, ist es wichtig, sich der potenziellen Risiken bewusst zu sein, wie beispielsweise Allergien oder unvorhersehbares Verhalten der Tiere. Lesen Sie unser <a href=\"https:\/\/dahome.be\/app\/uploads\/2026\/03\/7.-2026-03-safety-infofiche-haustieren-all-1.pdf\" target=\"_blank\" rel=\"noopener\">Informationsblatt<\/a> mit Richtlinien zum sicheren Umgang mit Haustieren w\u00e4hrend der Arbeit, damit Ihre Haushaltshilfe ein sicheres und angenehmes Arbeitsumfeld vorfindet."},{"title":"Defekt\/Neues elektrisches Material","description":"","text":"Es ist gef\u00e4hrlich und verboten, Ihrer Haushaltshilfe defekte Ger\u00e4te zu geben, da dies zu Arbeitsunf\u00e4llen mit verschiedenen Arten von Verletzungen f\u00fchren kann. Weitere Informationen \u00fcber den sicheren Umgang mit elektrischen Ger\u00e4ten finden Sie <a href=\"https:\/\/dahome.be\/app\/uploads\/2026\/03\/17.-2026-03-fiche-defekt-neues-elektrisches-material-all-ok-1.pdf\">in unserem Sicherheitsblatt<\/a>."},{"title":"Die 3-Regel","description":"","text":"Unf\u00e4lle sind nicht nur eine Frage des Pechs. Wie lassen sie sich so weit wie m\u00f6glich vermeiden? Ganz einfach: Lesen Sie unser <span style=\"text-decoration: underline;\"><strong><a href=\"https:\/\/dahome.be\/app\/uploads\/2026\/03\/2026-02-die-3-regel-de.pdf\" target=\"_blank\" rel=\"noopener\">Sicherheitsblatt<\/a><\/strong><\/span>!"}],"settings":{"visible":true,"anchor_name":"","spacing_top":"medium","spacing_bottom":"medium"}}],"cta":{"":null,"background_image":null,"title":"","items":null,"settings":{"visible":true,"anchor_name":"","heading_tag":"h2"}},"settings":{"has_offset":false}},"yoast_head":"<!-- This site is optimized with the Yoast SEO plugin v26.7 - https:\/\/yoast.com\/wordpress\/plugins\/seo\/ -->\n<title>Safety Kunde - DaHome<\/title>\n<meta name=\"robots\" content=\"index, follow, max-snippet:-1, max-image-preview:large, max-video-preview:-1\" \/>\n<link rel=\"canonical\" href=\"https:\/\/dahome.be\/de\/safety-kunde\/\" \/>\n<meta property=\"og:locale\" content=\"de_DE\" \/>\n<meta property=\"og:type\" content=\"article\" \/>\n<meta property=\"og:title\" content=\"Safety Kunde - DaHome\" \/>\n<meta property=\"og:url\" content=\"https:\/\/dahome.be\/de\/safety-kunde\/\" \/>\n<meta property=\"og:site_name\" content=\"DaHome\" \/>\n<meta property=\"article:modified_time\" content=\"2026-03-27T13:12:57+00:00\" \/>\n<meta name=\"twitter:card\" content=\"summary_large_image\" \/>\n<meta name=\"twitter:label1\" content=\"Est. reading time\" \/>\n\t<meta name=\"twitter:data1\" content=\"3 minutes\" \/>\n<script type=\"application\/ld+json\" class=\"yoast-schema-graph\">{\"@context\":\"https:\/\/schema.org\",\"@graph\":[{\"@type\":\"WebPage\",\"@id\":\"https:\/\/dahome.be\/de\/safety-kunde\/\",\"url\":\"https:\/\/dahome.be\/de\/safety-kunde\/\",\"name\":\"Safety Kunde - DaHome\",\"isPartOf\":{\"@id\":\"https:\/\/dahome.lademo.be\/#website\"},\"datePublished\":\"2024-04-03T08:35:32+00:00\",\"dateModified\":\"2026-03-27T13:12:57+00:00\",\"breadcrumb\":{\"@id\":\"https:\/\/dahome.be\/de\/safety-kunde\/#breadcrumb\"},\"inLanguage\":\"de-DE\",\"potentialAction\":[{\"@type\":\"ReadAction\",\"target\":[\"https:\/\/dahome.be\/de\/safety-kunde\/\"]}]},{\"@type\":\"BreadcrumbList\",\"@id\":\"https:\/\/dahome.be\/de\/safety-kunde\/#breadcrumb\",\"itemListElement\":[{\"@type\":\"ListItem\",\"position\":1,\"name\":\"Home\",\"item\":\"https:\/\/dahome.be\/de\/\"},{\"@type\":\"ListItem\",\"position\":2,\"name\":\"Safety Kunde\"}]},{\"@type\":\"WebSite\",\"@id\":\"https:\/\/dahome.lademo.be\/#website\",\"url\":\"https:\/\/dahome.lademo.be\/\",\"name\":\"DaHome\",\"description\":\"\",\"potentialAction\":[{\"@type\":\"SearchAction\",\"target\":{\"@type\":\"EntryPoint\",\"urlTemplate\":\"https:\/\/dahome.lademo.be\/?s={search_term_string}\"},\"query-input\":{\"@type\":\"PropertyValueSpecification\",\"valueRequired\":true,\"valueName\":\"search_term_string\"}}],\"inLanguage\":\"de-DE\"}]}<\/script>\n<!-- \/ Yoast SEO plugin. -->","yoast_head_json":{"title":"Safety Kunde - DaHome","robots":{"index":"index","follow":"follow","max-snippet":"max-snippet:-1","max-image-preview":"max-image-preview:large","max-video-preview":"max-video-preview:-1"},"canonical":"https:\/\/dahome.be\/de\/safety-kunde\/","og_locale":"de_DE","og_type":"article","og_title":"Safety Kunde - DaHome","og_url":"https:\/\/dahome.be\/de\/safety-kunde\/","og_site_name":"DaHome","article_modified_time":"2026-03-27T13:12:57+00:00","twitter_card":"summary_large_image","twitter_misc":{"Est. reading time":"3 minutes"},"schema":{"@context":"https:\/\/schema.org","@graph":[{"@type":"WebPage","@id":"https:\/\/dahome.be\/de\/safety-kunde\/","url":"https:\/\/dahome.be\/de\/safety-kunde\/","name":"Safety Kunde - DaHome","isPartOf":{"@id":"https:\/\/dahome.lademo.be\/#website"},"datePublished":"2024-04-03T08:35:32+00:00","dateModified":"2026-03-27T13:12:57+00:00","breadcrumb":{"@id":"https:\/\/dahome.be\/de\/safety-kunde\/#breadcrumb"},"inLanguage":"de-DE","potentialAction":[{"@type":"ReadAction","target":["https:\/\/dahome.be\/de\/safety-kunde\/"]}]},{"@type":"BreadcrumbList","@id":"https:\/\/dahome.be\/de\/safety-kunde\/#breadcrumb","itemListElement":[{"@type":"ListItem","position":1,"name":"Home","item":"https:\/\/dahome.be\/de\/"},{"@type":"ListItem","position":2,"name":"Safety Kunde"}]},{"@type":"WebSite","@id":"https:\/\/dahome.lademo.be\/#website","url":"https:\/\/dahome.lademo.be\/","name":"DaHome","description":"","potentialAction":[{"@type":"SearchAction","target":{"@type":"EntryPoint","urlTemplate":"https:\/\/dahome.lademo.be\/?s={search_term_string}"},"query-input":{"@type":"PropertyValueSpecification","valueRequired":true,"valueName":"search_term_string"}}],"inLanguage":"de-DE"}]}},"_links":{"self":[{"href":"https:\/\/dahome.be\/de\/wp-json\/wp\/v2\/pages\/1849","targetHints":{"allow":["GET"]}}],"collection":[{"href":"https:\/\/dahome.be\/de\/wp-json\/wp\/v2\/pages"}],"about":[{"href":"https:\/\/dahome.be\/de\/wp-json\/wp\/v2\/types\/page"}],"author":[{"embeddable":true,"href":"https:\/\/dahome.be\/de\/wp-json\/wp\/v2\/users\/2"}],"replies":[{"embeddable":true,"href":"https:\/\/dahome.be\/de\/wp-json\/wp\/v2\/comments?post=1849"}],"version-history":[{"count":23,"href":"https:\/\/dahome.be\/de\/wp-json\/wp\/v2\/pages\/1849\/revisions"}],"predecessor-version":[{"id":5330,"href":"https:\/\/dahome.be\/de\/wp-json\/wp\/v2\/pages\/1849\/revisions\/5330"}],"wp:attachment":[{"href":"https:\/\/dahome.be\/de\/wp-json\/wp\/v2\/media?parent=1849"}],"curies":[{"name":"wp","href":"https:\/\/api.w.org\/{rel}","templated":true}]}}