{"id":1706,"date":"2024-04-02T11:51:55","date_gmt":"2024-04-02T11:51:55","guid":{"rendered":"https:\/\/dahome.be\/safety-am\/"},"modified":"2026-04-10T12:37:53","modified_gmt":"2026-04-10T12:37:53","slug":"safety-haushaltshilfe","status":"publish","type":"page","link":"https:\/\/dahome.be\/de\/safety-haushaltshilfe\/","title":{"rendered":"Safety"},"content":{"rendered":"","protected":false},"excerpt":{"rendered":"","protected":false},"author":2,"featured_media":0,"parent":0,"menu_order":0,"comment_status":"closed","ping_status":"closed","template":"","meta":{"_acf_changed":false,"inline_featured_image":false,"footnotes":""},"class_list":["post-1706","page","type-page","status-publish","hentry"],"acf":{"header":{"":null,"image":250,"title":"N\u00fctzliche Sicherheitsinformationen! ","text":"","search":false,"settings":{"visible":true,"anchor_name":""}},"sections":[{"acf_fc_layout":"text-image","left_right":false,"left_right_mobile":false,"framed":false,"text_center":false,"wysiwyg":"<h2><span style=\"color: #db2032;\">Sicherheit geht vor: Unsere Sicherheitsdatenbl\u00e4tter<\/span><\/h2>\r\n&nbsp;\r\n\r\nEntdecken Sie <strong>untenstehend wichtige Sicherheitstipps,<\/strong> um Ihre Arbeit sicher und effizient auszuf\u00fchren. Von der Handhabung von Reinigungsprodukten \u00fcber das Heben bis hin zur Arbeit in der H\u00f6he haben wir die Informationen, die Sie ben\u00f6tigen, um Risiken zu reduzieren.\r\n\r\n&nbsp;\r\n\r\n<span style=\"color: #db2032;\">Ihre Sicherheit steht an erster Stelle!<\/span>\r\n\r\n&nbsp;\r\n<p data-start=\"0\" data-end=\"56\"><span style=\"color: #db2032;\"><strong data-start=\"0\" data-end=\"54\">Notfall oder Meldung einer gef\u00e4hrlichen Situation?<\/strong><\/span><\/p>\r\n<p data-start=\"58\" data-end=\"184\">Im Falle eines Notfalls oder zur Meldung einer gef\u00e4hrlichen Situation sind wir da, um Ihnen schnell und effizient zu helfen!<\/p>\r\n<p data-start=\"186\" data-end=\"267\" data-is-last-node=\"\" data-is-only-node=\"\">Kontaktieren Sie uns unter <strong>02\/887.71.31,<\/strong> auch wenn Ihr JobCenter geschlossen ist.<\/p>","button":"","image_wysiwyg":true,"image":1301,"text":"","settings":{"visible":true,"anchor_name":"","spacing_top":"medium","spacing_bottom":"medium"}},{"acf_fc_layout":"accordion","items":[{"title":"Was tun, wenn Sie sich in Gefahr befinden?","description":"","text":"<strong>Rufen Sie die Nummer <\/strong><strong>+3228877131<\/strong><strong> an, um gef\u00e4hrliche Situationen zu melden.<\/strong>\r\n\r\n&nbsp;\r\n\r\nBitte beachten Sie, dass diese Nummer nur w\u00e4hrend der B\u00fcrozeiten erreichbar ist: von <strong>8:30 Uhr bis 12:30 Uhr<\/strong> und von <strong>13:30 Uhr bis 17:30 Uhr<\/strong>.\r\n\r\n&nbsp;\r\n\r\n<strong>Was wird als gef\u00e4hrliche Situation betrachtet?<\/strong>\r\n<ul>\r\n \t<li>Schimmel in einem Raum<\/li>\r\n \t<li>Fehlende oder nicht konforme Arbeitsmittel<\/li>\r\n \t<li>Verbotene Reinigungsmittel<\/li>\r\n \t<li>Problematische Arbeit auf Treppen (Fehlen einer Rampe \u2013 Material auf der Treppe)<\/li>\r\n \t<li>Schlechter Zustand des Hauses<\/li>\r\n \t<li>Diskriminierung, Aggression, Einsch\u00fcchterung oder grenzverletzendes Verhalten<\/li>\r\n \t<li>Probleme mit den Haustieren des Kunden.<\/li>\r\n \t<li>Reinigen von Fenstern mithilfe einer Trittleiter<\/li>\r\n \t<li>Rauchen in der Unterkunft in Ihrer Anwesenheit<\/li>\r\n \t<li>Ergonomische Probleme:\r\n<ul>\r\n \t<li>Heben von M\u00f6beln &gt;10 kg.<\/li>\r\n \t<li>Alleine eine Doppelmatratze bewegen<\/li>\r\n \t<li>Keine sitzende T\u00e4tigkeit von 15 Minuten in einer 4-st\u00fcndigen Arbeitsperiode.<\/li>\r\n<\/ul>\r\n<\/li>\r\n \t<li>Der Kunde verweigert Ihnen das Tragen von Sicherheitsschuhen.<\/li>\r\n<\/ul>\r\n<strong>Wenn Sie eine der oben genannten Situationen feststellen, setzen Sie sich bitte umgehend unter der angegebenen Telefonnummer mit uns in Verbindung.<\/strong>"},{"title":"Notrufnummern und n\u00fctzliche Kontakte","description":"","text":"<strong><span style=\"text-decoration: underline;\"><a href=\"https:\/\/dahome.be\/app\/uploads\/2026\/03\/24.-instructies-dch-de-24022026.pdf\" target=\"_blank\" rel=\"noopener\">Hier<\/a><\/span><\/strong> finden Sie einen \u00dcberblick \u00fcber Notrufnummern und n\u00fctzliche Kontakte f\u00fcr den Notfall."},{"title":"Arbeitsmaterial f\u00fcr die Haushaltshilfe","description":"","text":"<strong><a href=\"https:\/\/dahome.be\/app\/uploads\/2026\/03\/0.-fiche-instructionts-materielam-2026-02-de.pdf\" target=\"_blank\" rel=\"noopener\"><span style=\"text-decoration: underline;\">Entdecken<\/span><\/a><\/strong> Sie praktische Tipps und Informationen zu Arbeitsmaterialien, um Ihren Arbeitsplatz ergonomischer zu gestalten!"},{"title":"Arbeiten mit Reinigungsprodukten","description":"","text":"Entdecken Sie <strong><a href=\"https:\/\/dahome.be\/app\/uploads\/2026\/03\/2.-2026-02-one-pager-safety-chemical-products-de.pdf\" target=\"_blank\" rel=\"noopener\"><span style=\"text-decoration: underline;\">hier<\/span><\/a><\/strong> die allgemeinen Richtlinien f\u00fcr die sichere Verwendung von Reinigungsprodukten sowie Informationen dar\u00fcber, welche Produkte sicher sind und welche streng verboten sind. <span style=\"text-decoration: underline;\"><strong><a href=\"https:\/\/dahome.be\/app\/uploads\/2026\/03\/2b.-2026-02-empfohlene-reinigungsprodukte-de.pdf\" target=\"_blank\" rel=\"noopener\">Hier<\/a><\/strong><\/span> finden Sie auch einige Beispiele f\u00fcr empfohlene Reinigungsprodukte."},{"title":"Ergonomische Datenbl\u00e4tter","description":"","text":"Es ist wichtig, Ratschl\u00e4ge zur ergonomischen Arbeitsweise zu erhalten, um das Risiko von Schmerzen zu reduzieren. Entdecken Sie hier die verschiedenen ergonomischen Datenbl\u00e4tter:\r\n\r\n&nbsp;\r\n<ol>\r\n \t<li><a href=\"https:\/\/dahome.be\/app\/uploads\/2025\/03\/3.-2025-02-fiche-0-einfuhrung-all.pdf\" target=\"_blank\" rel=\"noopener\"><span style=\"text-decoration: underline;\">Einf\u00fchrung in die ergonomischen Datenbl\u00e4tter<\/span><\/a><\/li>\r\n \t<li><a href=\"https:\/\/dahome.be\/app\/uploads\/2025\/03\/3.-2025-02-fiche-0.-basishaltungen-und-techniken-all.pdf\" target=\"_blank\" rel=\"noopener\"><span style=\"text-decoration: underline;\">Grundhaltung und Techniken<\/span><\/a> (oder sieh dir <span style=\"text-decoration: underline;\"><a href=\"https:\/\/youtu.be\/zYN5Zpn3d28\" target=\"_blank\" rel=\"noopener\">das Video<\/a><\/span> an)<\/li>\r\n \t<li><a href=\"https:\/\/dahome.be\/app\/uploads\/2025\/03\/3.-2025-02-fiche-1-staubsaugen-fegen-wischen-scheuren-all.pdf\" target=\"_blank\" rel=\"noopener\"><span style=\"text-decoration: underline;\">Staubsaugen, fegen, waschen und schrubben<\/span><\/a> (oder sieh dir <span style=\"text-decoration: underline;\"><a href=\"https:\/\/youtu.be\/VYr54osatns\" target=\"_blank\" rel=\"noopener\">das Video<\/a> <\/span>an)<\/li>\r\n \t<li><a href=\"https:\/\/dahome.be\/app\/uploads\/2025\/03\/3.-2025-02-fiche-2-badewanne-dusche-toilette-reinigen-all.pdf\" target=\"_blank\" rel=\"noopener\"><span style=\"text-decoration: underline;\">Reinigung von Badewanne, Dusche und Toilette<\/span><\/a> (oder sieh dir <span style=\"text-decoration: underline;\"><a href=\"https:\/\/youtu.be\/Eh1XOdaY4-4\" target=\"_blank\" rel=\"noopener\">das Video<\/a><\/span> an)<\/li>\r\n \t<li><a href=\"https:\/\/dahome.be\/app\/uploads\/2025\/03\/3.-2025-02-fiche-3-fenster-putzen-all.pdf\" target=\"_blank\" rel=\"noopener\"><span style=\"text-decoration: underline;\">Fensterputzen<\/span><\/a> (oder sieh dir <span style=\"text-decoration: underline;\"><a href=\"https:\/\/youtu.be\/M9DAUh7aCCo\" target=\"_blank\" rel=\"noopener\">das Video<\/a><\/span> an)<\/li>\r\n \t<li><a href=\"https:\/\/dahome.be\/app\/uploads\/2025\/03\/3.-2025-02-fiche-4-staub-wischen-oder-bohnern-all.pdf\" target=\"_blank\" rel=\"noopener\"><span style=\"text-decoration: underline;\">Staubwischen oder Wachsen<\/span><\/a> (oder sieh dir <span style=\"text-decoration: underline;\"><a href=\"https:\/\/youtu.be\/w4BvBUbdjm4\" target=\"_blank\" rel=\"noopener\">das Video<\/a><\/span> an)<\/li>\r\n \t<li><a href=\"https:\/\/dahome.be\/app\/uploads\/2025\/03\/3.-2025-02-fiche-5-mahlzeiten-zubereiten-all.pdf\" target=\"_blank\" rel=\"noopener\"><span style=\"text-decoration: underline;\">Zubereitung von Mahlzeiten<\/span><\/a><\/li>\r\n \t<li><a href=\"https:\/\/dahome.be\/app\/uploads\/2025\/03\/3.-2025-02-fiche-6-geschirrspulen-all.pdf\" target=\"_blank\" rel=\"noopener\"><span style=\"text-decoration: underline;\">Geschirrsp\u00fclen<\/span><\/a> (oder sieh dir <span style=\"text-decoration: underline;\"><a href=\"https:\/\/youtu.be\/_rfNuwp6bkw\" target=\"_blank\" rel=\"noopener\">das Video<\/a><\/span> an)<\/li>\r\n \t<li><a href=\"https:\/\/dahome.be\/app\/uploads\/2026\/03\/3.-2026-02-fiche-7-betten-machen-all.pdf\" target=\"_blank\" rel=\"noopener\"><span style=\"text-decoration: underline;\">Betten machen<\/span><\/a> (oder sieh dir <a href=\"https:\/\/youtu.be\/wFL8ZbhwrCE\" target=\"_blank\" rel=\"noopener\"><span style=\"text-decoration: underline;\">das Video<\/span><\/a> an)<\/li>\r\n \t<li><a href=\"https:\/\/dahome.be\/app\/uploads\/2026\/03\/3.-2026-02-fiche-8-wascge-waschen-und-trocknen-all.pdf\" target=\"_blank\" rel=\"noopener\"><span style=\"text-decoration: underline;\">W\u00e4sche waschen und trocknen<\/span><\/a> (oder sieh dir <span style=\"text-decoration: underline;\"><a href=\"https:\/\/youtu.be\/n69gFLUBgc0\" target=\"_blank\" rel=\"noopener\">das Video<\/a><\/span> an)<\/li>\r\n \t<li><a href=\"https:\/\/dahome.be\/app\/uploads\/2026\/03\/3.-2026-02-fiche-9-wasche-bugeln-all.pdf\" target=\"_blank\" rel=\"noopener\"><span style=\"text-decoration: underline;\">W\u00e4sche b\u00fcgeln<\/span><\/a> (oder sieh dir <span style=\"text-decoration: underline;\"><a href=\"https:\/\/youtu.be\/Hi40JHBEcSw\" target=\"_blank\" rel=\"noopener\">das Video<\/a><\/span> an)<\/li>\r\n \t<li><a href=\"https:\/\/dahome.be\/app\/uploads\/2026\/03\/3.-2026-03-fiche-10-einkaufen-all.pdf\" target=\"_blank\" rel=\"noopener\"><span style=\"text-decoration: underline;\">Einkaufen gehen<\/span><\/a>\u00a0(oder sieh dir <span style=\"text-decoration: underline;\"><a href=\"https:\/\/youtu.be\/xWc2Tn4ajTs\" target=\"_blank\" rel=\"noopener\">das Video<\/a><\/span> an)<\/li>\r\n \t<li><a href=\"https:\/\/dahome.be\/app\/uploads\/2025\/03\/3.-2025-02-fiche-11-mobel-umraumen-all.pdf\" target=\"_blank\" rel=\"noopener\"><span style=\"text-decoration: underline;\">M\u00f6bel umstellen<\/span><\/a>\u00a0(oder sieh dir <span style=\"text-decoration: underline;\"><a href=\"https:\/\/youtu.be\/OXpJm3ElogQ\" target=\"_blank\" rel=\"noopener\">das Video<\/a><\/span> an)<\/li>\r\n \t<li><a href=\"https:\/\/dahome.be\/app\/uploads\/2025\/03\/3.-2025-02-fiche-12-ein-und-aussteigen-all.pdf\" target=\"_blank\" rel=\"noopener\"><span style=\"text-decoration: underline;\">Ein- und Aussteigen aus dem Auto<\/span><\/a><\/li>\r\n \t<li><a href=\"https:\/\/dahome.be\/app\/uploads\/2025\/03\/3.-2025-02-fiche-13-staubsaugen-und-reinigen-der-treppe-de-def.pdf\" target=\"_blank\" rel=\"noopener\"><span style=\"text-decoration: underline;\">Staubsaugen und reinigen der treppe<\/span><\/a><\/li>\r\n \t<li><a href=\"https:\/\/youtu.be\/KMxF543C8_s\" target=\"_blank\" rel=\"noopener\"><span style=\"text-decoration: underline;\">Auswringen eines Tuches<\/span><\/a><\/li>\r\n<\/ol>"},{"title":"Sicherheitsrichtlinien f\u00fcr die Arbeit auf einer Trittleiter (einer Leiter)","description":"","text":"<div class=\"flex-1 overflow-hidden\">\r\n<div class=\"react-scroll-to-bottom--css-ozpzi-79elbk h-full\">\r\n<div class=\"react-scroll-to-bottom--css-ozpzi-1n7m0yu\">\r\n<div class=\"flex flex-col text-sm pb-9\">\r\n<div class=\"w-full text-token-text-primary\" data-testid=\"conversation-turn-31\">\r\n<div class=\"px-4 py-2 justify-center text-base md:gap-6 m-auto\">\r\n<div class=\"flex flex-1 text-base mx-auto gap-3 md:px-5 lg:px-1 xl:px-5 md:max-w-3xl lg:max-w-[40rem] xl:max-w-[48rem] group final-completion\">\r\n<div class=\"relative flex w-full flex-col agent-turn\">\r\n<div class=\"flex-col gap-1 md:gap-3\">\r\n<div class=\"flex flex-grow flex-col max-w-full\">\r\n<div class=\"min-h-[20px] text-message flex flex-col items-start gap-3 whitespace-pre-wrap break-words [.text-message+&amp;]:mt-5 overflow-x-auto\" data-message-author-role=\"assistant\" data-message-id=\"a25ce969-2137-4f6d-9dac-43b06c4bcecf\">\r\n<div class=\"markdown prose w-full break-words dark:prose-invert light\">\r\n\r\nDie meisten Arbeitsunf\u00e4lle, die wir notieren, sind auf St\u00fcrze von oder von einer Trittleiter (einer Leiter) zur\u00fcckzuf\u00fchren. Entdecken Sie <strong><a href=\"https:\/\/dahome.be\/app\/uploads\/2026\/03\/4.-2026-02-fiche-trappen-de.pdf\" target=\"_blank\" rel=\"noopener\"><span style=\"text-decoration: underline;\">hier<\/span><\/a><\/strong> einige Tipps, um diese Art von Unf\u00e4llen zu vermeiden.\r\n\r\n.\r\n\r\n<\/div>\r\n<\/div>\r\n<\/div>\r\n<div class=\"pr-2 lg:pr-0\"><\/div>\r\n<\/div>\r\n<div class=\"absolute\">\r\n<div class=\"flex w-full gap-2 items-center justify-center\"><\/div>\r\n<\/div>\r\n<\/div>\r\n<\/div>\r\n<\/div>\r\n<\/div>\r\n<\/div>\r\n<\/div>\r\n<\/div>\r\n<\/div>\r\n<div class=\"w-full pt-2 md:pt-0 dark:border-white\/20 md:border-transparent md:dark:border-transparent md:w-[calc(100%-.5rem)]\"><form class=\"stretch mx-2 flex flex-row gap-3 last:mb-2 md:mx-4 md:last:mb-6 lg:mx-auto lg:max-w-2xl xl:max-w-3xl\">\r\n<div class=\"relative flex h-full flex-1 flex-col\">\r\n<div class=\"absolute bottom-full left-0 right-0\"><\/div>\r\n<div class=\"flex w-full items-center\"><\/div>\r\n<\/div>\r\n<\/form><\/div>"},{"title":"Achten Sie auf St\u00fcrze auf Bodenebene ","description":"","text":"Achten Sie auf St\u00fcrze auf Bodenebene, da sie oft auf rutschige Oberfl\u00e4chen, Hindernisse oder Unachtsamkeit zur\u00fcckzuf\u00fchren sind. Lesen Sie unsere Empfehlungen <strong><a href=\"https:\/\/dahome.be\/app\/uploads\/2026\/03\/5.-2026-02-sturzgefahren-im-erdgeschoss-de.pdf\" target=\"_blank\" rel=\"noopener\"><span style=\"text-decoration: underline;\">hier<\/span><\/a><\/strong>."},{"title":"Interaktion mit Haustieren w\u00e4hrend der Arbeit beim Kunden","description":"","text":"Beim Umgang mit Haustieren beim Kunden ist es wichtig, sich der potenziellen Risiken bewusst zu sein, wie Allergien oder das unvorhersehbare Verhalten der Tiere. Sehen Sie <strong><a href=\"https:\/\/dahome.be\/app\/uploads\/2026\/03\/7.-2026-03-safety-infofiche-haustieren-all-1.pdf\" target=\"_blank\" rel=\"noopener\"><span style=\"text-decoration: underline;\">unser Informationsblatt<\/span><\/a><\/strong> ein f\u00fcr Anleitungen, wie Sie sicher mit Haustieren w\u00e4hrend der Arbeit umgehen k\u00f6nnen."},{"title":"Erste Hilfe: Wie man in lebensbedrohlichen Situationen handelt","description":"","text":"Erfahren Sie in <a href=\"https:\/\/dahome.be\/app\/uploads\/2025\/03\/8.-2025-03-fiche-erste-hilfe-all.pdf\" target=\"_blank\" rel=\"noopener\"><span style=\"text-decoration: underline;\">unserem Informationsblatt<\/span><\/a> die wesentlichen Leitlinien, um mit lebensbedrohlichen Situationen umzugehen. Konsultieren Sie auch das <a href=\"https:\/\/dahome.be\/app\/uploads\/2025\/03\/8.-brochure-info-secourisme-1.pdf\" target=\"_blank\" rel=\"noopener\"><span style=\"text-decoration: underline;\">Informationsblatt von Mensura<\/span><\/a> f\u00fcr zus\u00e4tzliche Informationen und Ratschl\u00e4ge."},{"title":"Meldung eines Arbeitsunfalls","description":"","text":"Entdecken Sie <a href=\"https:\/\/dahome.be\/app\/uploads\/2026\/03\/9.-2026-03-dahome-melding-eines-arbeitsunfalls-all.pdf\" target=\"_blank\" rel=\"noopener\"><span style=\"text-decoration: underline;\">hier<\/span><\/a> die Schritte, die im Falle eines Arbeitsunfalls zu befolgen sind, und wie Sie die erforderliche Unterst\u00fctzung erhalten k\u00f6nnen."},{"title":"Sicherheit beim B\u00fcgeln ","description":"","text":"Entdecken Sie <span style=\"text-decoration: underline;\"><a href=\"https:\/\/dahome.be\/app\/uploads\/2026\/03\/11.-2026-03-infofiche-sicher-bugeln-all.pdf\">hier<\/a><\/span> wichtige Tipps f\u00fcr sicheres B\u00fcgeln, um Unf\u00e4lle zu vermeiden. Lesen Sie unser Informationsblatt f\u00fcr detaillierte Anweisungen und praktische Sicherheitstipps."},{"title":"Arbeitsorganisation: Organisieren Sie Ihre Arbeit effizient","description":"","text":"Erfahren Sie in <a href=\"https:\/\/dahome.be\/app\/uploads\/2026\/03\/12.-2026-03-fiche-arbeitsorganisation-all-ok.pdf\" target=\"_blank\" rel=\"noopener\"><span style=\"text-decoration: underline;\">unserem Informationsblatt<\/span><\/a>, wie Sie Ihre Arbeit effizient organisieren k\u00f6nnen, dank unserer praktischen Tipps f\u00fcr eine bessere Arbeitsorganisation."},{"title":"Arbeiten in einer rauchfreien Umgebung","description":"","text":"Jeder hat das Recht auf einen gesunden Arbeitsplatz. Erfahren Sie <a href=\"https:\/\/dahome.be\/app\/uploads\/2026\/03\/14.-2026-03-fiche-rauchfreien-umgebung-all-ok.pdf\" target=\"_blank\" rel=\"noopener\"><span style=\"text-decoration: underline;\">hier<\/span><\/a>, wie Sie Vereinbarungen mit dem Kunden treffen k\u00f6nnen, um nicht passiv dem Rauchen ausgesetzt zu sein."},{"title":"Vorsichtsma\u00dfnahmen beim Gebrauch von Spr\u00fchdosen","description":"","text":"Erfahren Sie hier die wichtigen Vorsichtsma\u00dfnahmen f\u00fcr die Verwendung von Spr\u00fchdosen, um Ihre Sicherheit zu gew\u00e4hrleisten. Lernen Sie, wie Sie diese Produkte sicher und verantwortungsbewusst handhaben. Sehen Sie sich die Informationen <a href=\"https:\/\/dahome.be\/app\/uploads\/2026\/03\/15.-2026-03-fiche-spruhdosen-all-ok.pdf\" target=\"_blank\" rel=\"noopener\"><span style=\"text-decoration: underline;\">hier<\/span><\/a> an."},{"title":"Die Kommunikation mit dem Kunden aufnehmen","description":"","text":"Erfahren Sie, wie Sie effektiv und respektvoll mit Kunden in verschiedenen Situationen kommunizieren k\u00f6nnen. Lernen Sie <a href=\"https:\/\/dahome.be\/app\/uploads\/2026\/03\/16.-2026-03-fiche-korrekte-kommunikation-kunde-all-ok.pdf\" target=\"_blank\" rel=\"noopener\"><span style=\"text-decoration: underline;\">hier<\/span><\/a> die Schl\u00fcsselprinzipien und praktische Tipps, um eine positive Interaktion mit Kunden zu f\u00fchren."},{"title":"Unfallpr\u00e4vention ","description":"","text":"Ausrutschen, stolpern, fallen - alles Vorf\u00e4lle, die am Arbeitsplatz h\u00e4ufig vorkommen und vermieden werden k\u00f6nnen, sind.\r\n\r\n<strong><span style=\"text-decoration: underline;\"><a href=\"https:\/\/dahome.be\/app\/uploads\/2026\/03\/2026-02-dc21.-unfallpravention-de-def.pdf\" target=\"_blank\" rel=\"noopener\">Hier<\/a><\/span><\/strong> erfahren Sie mehr \u00fcber die wichtigsten Ursachen und lernen einfache Ma\u00dfnahmen kennen, mit denen Sie diese Risiken reduzieren k\u00f6nnen."},{"title":"Verkehrssicherheit","description":"","text":"<p data-start=\"26\" data-end=\"243\">Jeden Tag pendeln wir zwischen Zuhause und der Arbeit, oft ohne wirklich \u00fcber die Risiken im Stra\u00dfenverkehr nachzudenken. Deshalb haben wir drei n\u00fctzliche Informationsbl\u00e4tter zur Verkehrssicherheit zusammengestellt:<\/p>\r\n\r\n<ul data-start=\"245\" data-end=\"365\">\r\n \t<li data-start=\"245\" data-end=\"281\"><strong><a href=\"https:\/\/dahome.be\/app\/uploads\/2026\/03\/2026-02-22a.-verkehrssicherheit-beim-radfahren-de-def.pdf\" target=\"_blank\" rel=\"noopener\">Sicher mit dem Fahrrad unterwegs<\/a><\/strong><\/li>\r\n \t<li data-start=\"282\" data-end=\"301\"><strong><a href=\"https:\/\/dahome.be\/app\/uploads\/2026\/03\/2026-02-22b.-verkehrssicherheit-im-auto-de-def.pdf\" target=\"_blank\" rel=\"noopener\"><span style=\"text-decoration: underline;\">Sicheres Fahren<\/span><\/a><\/strong><\/li>\r\n \t<li data-start=\"302\" data-end=\"365\"><a href=\"https:\/\/dahome.be\/app\/uploads\/2026\/03\/2026-02-22c.-verkehrssicherheit-im-offentlichen-verkeh-de-def.pdf\" target=\"_blank\" rel=\"noopener\"><span style=\"text-decoration: underline;\"><strong>Sicheres Reisen mit \u00f6ffentlichen Verkehrsmitteln und zu Fu\u00df<\/strong><\/span><\/a><\/li>\r\n<\/ul>\r\n<p data-start=\"367\" data-end=\"479\">Wenn Sie diese Informationsbl\u00e4tter durchlesen, sind Sie besser vorbereitet und aufmerksamer im Stra\u00dfenverkehr.<\/p>"},{"title":"Empfehlungen f\u00fcr die Verwendung von Staubsaugern","description":"","text":"Verwenden Sie Staubsauger sicher dank <strong><span style=\"text-decoration: underline;\"><a href=\"https:\/\/dahome.be\/app\/uploads\/2026\/03\/2026-02-sicherheitsdatenblatt-staubsauger-all.pdf\" target=\"_blank\" rel=\"noopener\">unseres speziellen Datenblatts<\/a><\/span><\/strong>!"}],"settings":{"visible":true,"anchor_name":"","spacing_top":"medium","spacing_bottom":"medium"}}],"cta":{"":null,"background_image":null,"title":"","items":null,"settings":{"visible":true,"anchor_name":"","heading_tag":"h2"}},"settings":{"has_offset":false}},"yoast_head":"<!-- This site is optimized with the Yoast SEO plugin v26.7 - https:\/\/yoast.com\/wordpress\/plugins\/seo\/ -->\n<title>Safety - DaHome<\/title>\n<meta name=\"robots\" content=\"index, follow, max-snippet:-1, max-image-preview:large, max-video-preview:-1\" \/>\n<link rel=\"canonical\" href=\"https:\/\/dahome.be\/de\/safety-haushaltshilfe\/\" \/>\n<meta property=\"og:locale\" content=\"de_DE\" \/>\n<meta property=\"og:type\" content=\"article\" \/>\n<meta property=\"og:title\" content=\"Safety - DaHome\" \/>\n<meta property=\"og:url\" content=\"https:\/\/dahome.be\/de\/safety-haushaltshilfe\/\" \/>\n<meta property=\"og:site_name\" content=\"DaHome\" \/>\n<meta property=\"article:modified_time\" content=\"2026-04-10T12:37:53+00:00\" \/>\n<meta name=\"twitter:card\" content=\"summary_large_image\" \/>\n<meta name=\"twitter:label1\" content=\"Est. reading time\" \/>\n\t<meta name=\"twitter:data1\" content=\"5 minutes\" \/>\n<script type=\"application\/ld+json\" class=\"yoast-schema-graph\">{\"@context\":\"https:\/\/schema.org\",\"@graph\":[{\"@type\":\"WebPage\",\"@id\":\"https:\/\/dahome.be\/de\/safety-haushaltshilfe\/\",\"url\":\"https:\/\/dahome.be\/de\/safety-haushaltshilfe\/\",\"name\":\"Safety - DaHome\",\"isPartOf\":{\"@id\":\"https:\/\/dahome.lademo.be\/#website\"},\"datePublished\":\"2024-04-02T11:51:55+00:00\",\"dateModified\":\"2026-04-10T12:37:53+00:00\",\"breadcrumb\":{\"@id\":\"https:\/\/dahome.be\/de\/safety-haushaltshilfe\/#breadcrumb\"},\"inLanguage\":\"de-DE\",\"potentialAction\":[{\"@type\":\"ReadAction\",\"target\":[\"https:\/\/dahome.be\/de\/safety-haushaltshilfe\/\"]}]},{\"@type\":\"BreadcrumbList\",\"@id\":\"https:\/\/dahome.be\/de\/safety-haushaltshilfe\/#breadcrumb\",\"itemListElement\":[{\"@type\":\"ListItem\",\"position\":1,\"name\":\"Home\",\"item\":\"https:\/\/dahome.be\/de\/\"},{\"@type\":\"ListItem\",\"position\":2,\"name\":\"Safety\"}]},{\"@type\":\"WebSite\",\"@id\":\"https:\/\/dahome.lademo.be\/#website\",\"url\":\"https:\/\/dahome.lademo.be\/\",\"name\":\"DaHome\",\"description\":\"\",\"potentialAction\":[{\"@type\":\"SearchAction\",\"target\":{\"@type\":\"EntryPoint\",\"urlTemplate\":\"https:\/\/dahome.lademo.be\/?s={search_term_string}\"},\"query-input\":{\"@type\":\"PropertyValueSpecification\",\"valueRequired\":true,\"valueName\":\"search_term_string\"}}],\"inLanguage\":\"de-DE\"}]}<\/script>\n<!-- \/ Yoast SEO plugin. -->","yoast_head_json":{"title":"Safety - DaHome","robots":{"index":"index","follow":"follow","max-snippet":"max-snippet:-1","max-image-preview":"max-image-preview:large","max-video-preview":"max-video-preview:-1"},"canonical":"https:\/\/dahome.be\/de\/safety-haushaltshilfe\/","og_locale":"de_DE","og_type":"article","og_title":"Safety - DaHome","og_url":"https:\/\/dahome.be\/de\/safety-haushaltshilfe\/","og_site_name":"DaHome","article_modified_time":"2026-04-10T12:37:53+00:00","twitter_card":"summary_large_image","twitter_misc":{"Est. reading time":"5 minutes"},"schema":{"@context":"https:\/\/schema.org","@graph":[{"@type":"WebPage","@id":"https:\/\/dahome.be\/de\/safety-haushaltshilfe\/","url":"https:\/\/dahome.be\/de\/safety-haushaltshilfe\/","name":"Safety - DaHome","isPartOf":{"@id":"https:\/\/dahome.lademo.be\/#website"},"datePublished":"2024-04-02T11:51:55+00:00","dateModified":"2026-04-10T12:37:53+00:00","breadcrumb":{"@id":"https:\/\/dahome.be\/de\/safety-haushaltshilfe\/#breadcrumb"},"inLanguage":"de-DE","potentialAction":[{"@type":"ReadAction","target":["https:\/\/dahome.be\/de\/safety-haushaltshilfe\/"]}]},{"@type":"BreadcrumbList","@id":"https:\/\/dahome.be\/de\/safety-haushaltshilfe\/#breadcrumb","itemListElement":[{"@type":"ListItem","position":1,"name":"Home","item":"https:\/\/dahome.be\/de\/"},{"@type":"ListItem","position":2,"name":"Safety"}]},{"@type":"WebSite","@id":"https:\/\/dahome.lademo.be\/#website","url":"https:\/\/dahome.lademo.be\/","name":"DaHome","description":"","potentialAction":[{"@type":"SearchAction","target":{"@type":"EntryPoint","urlTemplate":"https:\/\/dahome.lademo.be\/?s={search_term_string}"},"query-input":{"@type":"PropertyValueSpecification","valueRequired":true,"valueName":"search_term_string"}}],"inLanguage":"de-DE"}]}},"_links":{"self":[{"href":"https:\/\/dahome.be\/de\/wp-json\/wp\/v2\/pages\/1706","targetHints":{"allow":["GET"]}}],"collection":[{"href":"https:\/\/dahome.be\/de\/wp-json\/wp\/v2\/pages"}],"about":[{"href":"https:\/\/dahome.be\/de\/wp-json\/wp\/v2\/types\/page"}],"author":[{"embeddable":true,"href":"https:\/\/dahome.be\/de\/wp-json\/wp\/v2\/users\/2"}],"replies":[{"embeddable":true,"href":"https:\/\/dahome.be\/de\/wp-json\/wp\/v2\/comments?post=1706"}],"version-history":[{"count":65,"href":"https:\/\/dahome.be\/de\/wp-json\/wp\/v2\/pages\/1706\/revisions"}],"predecessor-version":[{"id":5672,"href":"https:\/\/dahome.be\/de\/wp-json\/wp\/v2\/pages\/1706\/revisions\/5672"}],"wp:attachment":[{"href":"https:\/\/dahome.be\/de\/wp-json\/wp\/v2\/media?parent=1706"}],"curies":[{"name":"wp","href":"https:\/\/api.w.org\/{rel}","templated":true}]}}