{"id":1223,"date":"2024-01-17T11:34:43","date_gmt":"2024-01-17T11:34:43","guid":{"rendered":"https:\/\/dahome.be\/tutoriel-client-e\/"},"modified":"2025-10-02T14:29:36","modified_gmt":"2025-10-02T14:29:36","slug":"tutorial-kunde","status":"publish","type":"page","link":"https:\/\/dahome.be\/de\/tutorial-kunde\/","title":{"rendered":"Tutorial kunde"},"content":{"rendered":"","protected":false},"excerpt":{"rendered":"","protected":false},"author":2,"featured_media":0,"parent":0,"menu_order":0,"comment_status":"closed","ping_status":"closed","template":"","meta":{"_acf_changed":false,"inline_featured_image":false,"footnotes":""},"class_list":["post-1223","page","type-page","status-publish","hentry"],"acf":{"header":{"":null,"image":250,"title":"Dahome.be: Tutorials","text":"","search":false,"settings":{"visible":true,"anchor_name":""}},"sections":[{"acf_fc_layout":"wysiwyg","framed":false,"wysiwyg":"<h2><span style=\"color: #db2032;\">Lassen Sie sich von unseren Tutorials f\u00fchren! <\/span><\/h2>\r\n&nbsp;\r\n\r\nEntdecken Sie, wie Sie die wichtigsten Funktionen von Dahome.be mithilfe unserer erkl\u00e4renden Videos nutzen k\u00f6nnen.","fullwidth":false,"settings":{"visible":true,"anchor_name":"","spacing_top":"medium","spacing_bottom":"medium"}},{"acf_fc_layout":"accordion","items":[{"title":"Ihr Dahome.be-Konto","description":"Erfahren Sie, wie Sie Ihr Konto erstellen k\u00f6nnen:","text":"https:\/\/dahome.be\/app\/uploads\/2024\/03\/creation-dun-compte-client-de-compressed.mp4"},{"title":"Ihr Zeitplan","description":"Dank Dahome.be haben Sie einfachen Zugang zu Ihrem Wochenplan:","text":"https:\/\/dahome.be\/app\/uploads\/2024\/03\/tuto-planning-du-client-de-compressed.mp4"},{"title":"Bewerten Sie Ihre Haushaltshilfe","description":"Sind Sie zufrieden mit Ihrer Haushaltshilfe? Lassen Sie es uns \u00fcber Dahome.be wissen.","text":"https:\/\/dahome.be\/app\/uploads\/2024\/03\/evaluation-client-de-compressed.mp4"},{"title":"Ihre Urlaubstage","description":"Planen Sie demn\u00e4chst einen Urlaub? ","text":"<h2><strong>Fantastisch!<\/strong><\/h2>\r\n&nbsp;\r\n\r\nW\u00e4hrend Ihrer Abwesenheit k\u00f6nnten Sie Ihren Hausmeister bitten, zus\u00e4tzliche Aufgaben zu erledigen, wie zum Beispiel das Reinigen von Fenstern, Rahmen, dem Inneren des K\u00fchlschranks und der Schr\u00e4nke sowie der Oberseiten von Schr\u00e4nken. Es gibt nichts Sch\u00f6neres, als nach dem Urlaub in ein makelloses Zuhause zur\u00fcckzukehren.\r\n\r\n&nbsp;\r\n\r\n<strong>Wenn Sie jedoch bevorzugen, dass Ihr Hausmeister w\u00e4hrend Ihrer Abwesenheit nicht vorbeikommt, informieren Sie uns bitte \u00fcber Ihre Urlaubsdaten \u00fcber <a href=\"http:\/\/www.daousthome.be\/\">Dahome.be<\/a>.<\/strong>\r\n\r\n&nbsp;\r\n\r\nWenn Sie sich noch nicht auf unserer Plattform registriert haben, z\u00f6gern Sie nicht l\u00e4nger. Es dauert nur wenige Klicks, und Sie sind startklar. Wir f\u00fchren Sie <a href=\"https:\/\/dahome.be\/de\/tutorial-kunde\/\">hier<\/a> durch den Prozess.\r\n\r\n&nbsp;\r\n\r\n<span class=\"has-inline-color has-black-color\">Nur zur Erinnerung: Bitte informieren Sie uns <strong>mindestens 15 Tage im Voraus<\/strong> \u00fcber jede Abwesenheit, und denken Sie daran, dass Abwesenheiten <strong>auf 6 Wochen pro Jahr begrenzt sind<\/strong>*. Die Nichtbeachtung dieser Fristen kann leider zu Kosten f\u00fcr den Service f\u00fchren. Bitte warten Sie also nicht bis zur letzten Minute, um Ihre Daten einzugeben.<\/span>\r\n<h6><strong>*Im Falle der w\u00f6chentlichen Nutzung unserer Haushaltsdienstleistungen.<\/strong><\/h6>\r\n&nbsp;\r\n\r\n<strong>Das Team von DaHome w\u00fcnscht Ihnen einen ausgezeichneten Urlaub!<\/strong>\r\n\r\n<strong><em>Welcome to the\u00a0<span class=\"has-inline-color\">Family!<\/span><\/em><\/strong>\r\n\r\nhttps:\/\/dahome.be\/app\/uploads\/2024\/03\/declaration-dabsence-client-de-compressed.mp4"},{"title":"Unterschrift","description":"Erfahren Sie, wie Sie Ihre Dokumente unterschreiben k\u00f6nnen.","text":"[video width=\"1908\" height=\"1040\" mp4=\"https:\/\/dahome.be\/app\/uploads\/2025\/10\/tuto-client-am-v-29sept.mp4\"][\/video]"}],"settings":{"visible":true,"anchor_name":"","spacing_top":"medium","spacing_bottom":"medium"}}],"cta":{"":null,"background_image":null,"title":"","items":null,"settings":{"visible":true,"anchor_name":"","heading_tag":"h2"}},"settings":{"has_offset":false}},"yoast_head":"<!-- This site is optimized with the Yoast SEO plugin v27.5 - https:\/\/yoast.com\/product\/yoast-seo-wordpress\/ -->\n<title>Tutorial kunde - DaHome<\/title>\n<meta name=\"robots\" content=\"index, follow, max-snippet:-1, max-image-preview:large, max-video-preview:-1\" \/>\n<link rel=\"canonical\" href=\"https:\/\/dahome.be\/de\/tutorial-kunde\/\" \/>\n<meta property=\"og:locale\" content=\"de_DE\" \/>\n<meta property=\"og:type\" content=\"article\" \/>\n<meta property=\"og:title\" content=\"Tutorial kunde - DaHome\" \/>\n<meta property=\"og:url\" content=\"https:\/\/dahome.be\/de\/tutorial-kunde\/\" \/>\n<meta property=\"og:site_name\" content=\"DaHome\" \/>\n<meta property=\"article:modified_time\" content=\"2025-10-02T14:29:36+00:00\" \/>\n<meta name=\"twitter:card\" content=\"summary_large_image\" \/>\n<script type=\"application\/ld+json\" class=\"yoast-schema-graph\">{\"@context\":\"https:\\\/\\\/schema.org\",\"@graph\":[{\"@type\":\"WebPage\",\"@id\":\"https:\\\/\\\/dahome.be\\\/de\\\/tutorial-kunde\\\/\",\"url\":\"https:\\\/\\\/dahome.be\\\/de\\\/tutorial-kunde\\\/\",\"name\":\"Tutorial kunde - DaHome\",\"isPartOf\":{\"@id\":\"https:\\\/\\\/dahome.lademo.be\\\/#website\"},\"datePublished\":\"2024-01-17T11:34:43+00:00\",\"dateModified\":\"2025-10-02T14:29:36+00:00\",\"breadcrumb\":{\"@id\":\"https:\\\/\\\/dahome.be\\\/de\\\/tutorial-kunde\\\/#breadcrumb\"},\"inLanguage\":\"de-DE\",\"potentialAction\":[{\"@type\":\"ReadAction\",\"target\":[\"https:\\\/\\\/dahome.be\\\/de\\\/tutorial-kunde\\\/\"]}]},{\"@type\":\"BreadcrumbList\",\"@id\":\"https:\\\/\\\/dahome.be\\\/de\\\/tutorial-kunde\\\/#breadcrumb\",\"itemListElement\":[{\"@type\":\"ListItem\",\"position\":1,\"name\":\"Home\",\"item\":\"https:\\\/\\\/dahome.be\\\/de\\\/\"},{\"@type\":\"ListItem\",\"position\":2,\"name\":\"Tutorial kunde\"}]},{\"@type\":\"WebSite\",\"@id\":\"https:\\\/\\\/dahome.lademo.be\\\/#website\",\"url\":\"https:\\\/\\\/dahome.lademo.be\\\/\",\"name\":\"DaHome\",\"description\":\"\",\"potentialAction\":[{\"@type\":\"SearchAction\",\"target\":{\"@type\":\"EntryPoint\",\"urlTemplate\":\"https:\\\/\\\/dahome.lademo.be\\\/?s={search_term_string}\"},\"query-input\":{\"@type\":\"PropertyValueSpecification\",\"valueRequired\":true,\"valueName\":\"search_term_string\"}}],\"inLanguage\":\"de-DE\"}]}<\/script>\n<!-- \/ Yoast SEO plugin. -->","yoast_head_json":{"title":"Tutorial kunde - DaHome","robots":{"index":"index","follow":"follow","max-snippet":"max-snippet:-1","max-image-preview":"max-image-preview:large","max-video-preview":"max-video-preview:-1"},"canonical":"https:\/\/dahome.be\/de\/tutorial-kunde\/","og_locale":"de_DE","og_type":"article","og_title":"Tutorial kunde - DaHome","og_url":"https:\/\/dahome.be\/de\/tutorial-kunde\/","og_site_name":"DaHome","article_modified_time":"2025-10-02T14:29:36+00:00","twitter_card":"summary_large_image","schema":{"@context":"https:\/\/schema.org","@graph":[{"@type":"WebPage","@id":"https:\/\/dahome.be\/de\/tutorial-kunde\/","url":"https:\/\/dahome.be\/de\/tutorial-kunde\/","name":"Tutorial kunde - DaHome","isPartOf":{"@id":"https:\/\/dahome.lademo.be\/#website"},"datePublished":"2024-01-17T11:34:43+00:00","dateModified":"2025-10-02T14:29:36+00:00","breadcrumb":{"@id":"https:\/\/dahome.be\/de\/tutorial-kunde\/#breadcrumb"},"inLanguage":"de-DE","potentialAction":[{"@type":"ReadAction","target":["https:\/\/dahome.be\/de\/tutorial-kunde\/"]}]},{"@type":"BreadcrumbList","@id":"https:\/\/dahome.be\/de\/tutorial-kunde\/#breadcrumb","itemListElement":[{"@type":"ListItem","position":1,"name":"Home","item":"https:\/\/dahome.be\/de\/"},{"@type":"ListItem","position":2,"name":"Tutorial kunde"}]},{"@type":"WebSite","@id":"https:\/\/dahome.lademo.be\/#website","url":"https:\/\/dahome.lademo.be\/","name":"DaHome","description":"","potentialAction":[{"@type":"SearchAction","target":{"@type":"EntryPoint","urlTemplate":"https:\/\/dahome.lademo.be\/?s={search_term_string}"},"query-input":{"@type":"PropertyValueSpecification","valueRequired":true,"valueName":"search_term_string"}}],"inLanguage":"de-DE"}]}},"_links":{"self":[{"href":"https:\/\/dahome.be\/de\/wp-json\/wp\/v2\/pages\/1223","targetHints":{"allow":["GET"]}}],"collection":[{"href":"https:\/\/dahome.be\/de\/wp-json\/wp\/v2\/pages"}],"about":[{"href":"https:\/\/dahome.be\/de\/wp-json\/wp\/v2\/types\/page"}],"author":[{"embeddable":true,"href":"https:\/\/dahome.be\/de\/wp-json\/wp\/v2\/users\/2"}],"replies":[{"embeddable":true,"href":"https:\/\/dahome.be\/de\/wp-json\/wp\/v2\/comments?post=1223"}],"version-history":[{"count":8,"href":"https:\/\/dahome.be\/de\/wp-json\/wp\/v2\/pages\/1223\/revisions"}],"predecessor-version":[{"id":4125,"href":"https:\/\/dahome.be\/de\/wp-json\/wp\/v2\/pages\/1223\/revisions\/4125"}],"wp:attachment":[{"href":"https:\/\/dahome.be\/de\/wp-json\/wp\/v2\/media?parent=1223"}],"curies":[{"name":"wp","href":"https:\/\/api.w.org\/{rel}","templated":true}]}}